{"id":84,"date":"2017-11-29T00:00:00","date_gmt":"2017-11-28T23:00:00","guid":{"rendered":"http:\/\/delos-art.com\/?page_id=84"},"modified":"2018-03-16T13:32:00","modified_gmt":"2018-03-16T12:32:00","slug":"hommage-a-yourcenar","status":"publish","type":"page","link":"https:\/\/delos-art.com\/index.php\/hommage-a-yourcenar\/","title":{"rendered":"Hommage \u00e0 Yourcenar"},"content":{"rendered":"<p>L&#8217;art et la culture de la Gr\u00e8ce antique inspirent au peintre Delos le m\u00eame amour et la m\u00eame admiration que leur portait l&#8217;empereur Hadrien ; il n&#8217;est donc pas \u00e9tonnant de le retrouver dans certains de ses tableaux, avec Antino\u00fcs, son bel amant, et d&#8217;y voir Marguerite Yourcenar, auteur des &#8221; M\u00e9moires d&#8217;Hadrien &#8220;.<\/p>\n<p>Delos a r\u00e9alis\u00e9 dans les ann\u00e9es de 1990 \u00e0 2000 toute une s\u00e9rie peintures \u00a0en lien avec l&#8217;oeuvre de Marguerite Yourcenar. Cette petite galerie remet en sc\u00e8ne cette belle collection.<\/p>\n<p><strong>Les M\u00e9moires d&#8217;Hadrien : <\/strong><\/p>\n<p>L&#8217;empereur Hadrien<\/p>\n<p><img loading=\"lazy\" class=\"alignnone size-full wp-image-89\" src=\"http:\/\/delos-art.com\/wp-content\/uploads\/2017\/11\/hadrien.jpg\" alt=\"\" width=\"2088\" height=\"3300\" srcset=\"https:\/\/delos-art.com\/wp-content\/uploads\/2017\/11\/hadrien.jpg 2088w, https:\/\/delos-art.com\/wp-content\/uploads\/2017\/11\/hadrien-190x300.jpg 190w, https:\/\/delos-art.com\/wp-content\/uploads\/2017\/11\/hadrien-768x1214.jpg 768w, https:\/\/delos-art.com\/wp-content\/uploads\/2017\/11\/hadrien-648x1024.jpg 648w\" sizes=\"(max-width: 706px) 89vw, (max-width: 767px) 82vw, 740px\" \/><\/p>\n<p>Les <em>M\u00e9moires d\u2019Hadrien<\/em> sont une oeuvre tr\u00e8s particuli\u00e8re\u00a0: Marguerite Yourcenar se met \u00e0 la place de l\u2019empereur Hadrien, ma\u00eetre de l\u2019Empire romain au moment de son apog\u00e9e, au II\u00e8me si\u00e8cle apr\u00e8s J\u00e9sus Christ. Le sage Hadrien est au soir de sa vie\u00a0: le livre commence par une lettre au jeune Marc-Aur\u00e8le, dix-sept ans, son petit-fils et successeur. Une lettre qui devient vite un pr\u00e9texte pour raconter sa vie\u00a0: sa jeunesse d\u2019abord et sa lente ascension vers le pouvoir. Puis son r\u00e8gne avec la volont\u00e9 de privil\u00e9gier les \u00e9motions.<\/p>\n<p>Hadrien est mari\u00e9 mais sa femme Sabine et lui sont des associ\u00e9s, pas un couple, encore moins des amants. Hadrien a bien quelques conqu\u00eates masculines ou f\u00e9minines, mais rien de bien s\u00e9rieux. Et puis appara\u00eet Antino\u00fcs, un jeune homme enivrant dont Hadrien tombe \u00e9perdument amoureux. Passion sublime sur les routes de l\u2019empire romain et jusqu\u2019en Egypte.<\/p>\n<p>Marguerite Yourcenar insiste sur la puissance du sentiment amoureux chez cet empereur ayant d\u00e9j\u00e0 plus de quarante ans, mais aussi du soucis d\u2019immortalit\u00e9 par cette phrase magnifique qui\u00a0 exprime tout\u00a0:<\/p>\n<p>Un \u00e9loge ne sied bien qu\u2019aux morts. Vivant, la pol\u00e9mique nous poursuit; les justes ou injustes critiques, les justes ou injustes louanges; mais les morts ont droit \u00e0 cette sorte d\u2019intronisation dans la tombe, avant les si\u00e8cles de gloire et les mill\u00e9naires d\u2019oubli.<\/p>\n<p><a href=\"http:\/\/magaleriedart.files.wordpress.com\/2009\/07\/stadrien.gif\"><img class=\"alignleft size-medium wp-image-81\" title=\"stadrien\" src=\"https:\/\/magaleriedart.files.wordpress.com\/2009\/07\/stadrien.gif?w=228&amp;h=300\" alt=\"stadrien\" data-attachment-id=\"81\" data-permalink=\"https:\/\/magaleriedart.wordpress.com\/1988\/07\/19\/lempereur-hadrien-en-hommage-a-marguerite-yourcenar\/stadrien\/\" data-orig-file=\"https:\/\/magaleriedart.files.wordpress.com\/2009\/07\/stadrien.gif\" data-orig-size=\"300,394\" data-comments-opened=\"1\" data-image-meta=\"{&quot;aperture&quot;:&quot;0&quot;,&quot;credit&quot;:&quot;&quot;,&quot;camera&quot;:&quot;&quot;,&quot;caption&quot;:&quot;&quot;,&quot;created_timestamp&quot;:&quot;0&quot;,&quot;copyright&quot;:&quot;&quot;,&quot;focal_length&quot;:&quot;0&quot;,&quot;iso&quot;:&quot;0&quot;,&quot;shutter_speed&quot;:&quot;0&quot;,&quot;title&quot;:&quot;&quot;}\" data-image-title=\"stadrien\" data-image-description=\"\" data-medium-file=\"https:\/\/magaleriedart.files.wordpress.com\/2009\/07\/stadrien.gif?w=228&amp;h=300\" data-large-file=\"https:\/\/magaleriedart.files.wordpress.com\/2009\/07\/stadrien.gif?w=300\" \/><\/a>D\u00e9los a repr\u00e9sent\u00e9 l\u2019empereur Hadrien assis, dans la position d\u2019un sage, le regard lointain, presque inconsolable, probablement de la perte de son amant Antinous, mais tout en restant s\u00e9rieux de par son rang. Il s&#8217;est inspir\u00e9 d\u2019un buste d\u2019Hadrien expos\u00e9 au mus\u00e9e du Louvre dans la galerie des empereurs romains. Pour le drap\u00e9 il s&#8217;est \u00a0inspir\u00e9 d&#8217;un splendide dessin de L\u00e9onardo da Vinci qui est \u00e9galement \u00a0au mus\u00e9e du Louvre .<\/p>\n<p>&nbsp;<\/p>\n<p>Antinous :<\/p>\n<p><img loading=\"lazy\" class=\"alignnone size-full wp-image-94\" src=\"http:\/\/delos-art.com\/wp-content\/uploads\/2017\/11\/antinous.jpg\" alt=\"\" width=\"1500\" height=\"1857\" srcset=\"https:\/\/delos-art.com\/wp-content\/uploads\/2017\/11\/antinous.jpg 1500w, https:\/\/delos-art.com\/wp-content\/uploads\/2017\/11\/antinous-242x300.jpg 242w, https:\/\/delos-art.com\/wp-content\/uploads\/2017\/11\/antinous-768x951.jpg 768w, https:\/\/delos-art.com\/wp-content\/uploads\/2017\/11\/antinous-827x1024.jpg 827w\" sizes=\"(max-width: 706px) 89vw, (max-width: 767px) 82vw, 740px\" \/><\/p>\n<p>La mort d&#8217;Antinous:<\/p>\n<p><img loading=\"lazy\" class=\"alignnone size-full wp-image-95\" src=\"http:\/\/delos-art.com\/wp-content\/uploads\/2017\/11\/mort-antinous.jpg\" alt=\"\" width=\"1858\" height=\"1460\" srcset=\"https:\/\/delos-art.com\/wp-content\/uploads\/2017\/11\/mort-antinous.jpg 1858w, https:\/\/delos-art.com\/wp-content\/uploads\/2017\/11\/mort-antinous-300x236.jpg 300w, https:\/\/delos-art.com\/wp-content\/uploads\/2017\/11\/mort-antinous-768x603.jpg 768w, https:\/\/delos-art.com\/wp-content\/uploads\/2017\/11\/mort-antinous-1024x805.jpg 1024w\" sizes=\"(max-width: 706px) 89vw, (max-width: 767px) 82vw, 740px\" \/><\/p>\n<p>La Villa Hadrien: Hadrien fit construire \u00e0 Tivoli, \u00e0 quelques kilom\u00e8tres de Rome \u00a0une luxueuse grande et extraordinaire Villa.<img loading=\"lazy\" class=\"alignnone size-full wp-image-96\" src=\"http:\/\/delos-art.com\/wp-content\/uploads\/2017\/11\/villa-hadrien.jpg\" alt=\"\" width=\"1728\" height=\"1428\" srcset=\"https:\/\/delos-art.com\/wp-content\/uploads\/2017\/11\/villa-hadrien.jpg 1728w, https:\/\/delos-art.com\/wp-content\/uploads\/2017\/11\/villa-hadrien-300x248.jpg 300w, https:\/\/delos-art.com\/wp-content\/uploads\/2017\/11\/villa-hadrien-768x635.jpg 768w, https:\/\/delos-art.com\/wp-content\/uploads\/2017\/11\/villa-hadrien-1024x846.jpg 1024w\" sizes=\"(max-width: 706px) 89vw, (max-width: 767px) 82vw, 740px\" \/><\/p>\n<p>Dialogue dans le mar\u00e9cage: \u00a0Cette pi\u00e8ce de th\u00e9\u00e2tre\u00a0s&#8217;inspire d&#8217;un fait divers du Moyen italien. Elle est inspir\u00e9e du th\u00e9\u00e2tre japonais o\u00f9 se m\u00ealent personnages r\u00e9els et apparition de personnages fant\u00f4mes. C&#8217;est l&#8217;histoire d&#8217;une patricienne siennoise, Pia Tolomei, rel\u00e9gu\u00e9e par un mari jaloux dans un ch\u00e2teau situ\u00e9 dans un marais malsain, \u00a0qui l&#8217;y laisse mourir.<\/p>\n<p><img loading=\"lazy\" class=\"alignnone size-full wp-image-87\" src=\"http:\/\/delos-art.com\/wp-content\/uploads\/2017\/11\/dialogue-dans-le-marecage.jpg\" alt=\"\" width=\"944\" height=\"742\" srcset=\"https:\/\/delos-art.com\/wp-content\/uploads\/2017\/11\/dialogue-dans-le-marecage.jpg 944w, https:\/\/delos-art.com\/wp-content\/uploads\/2017\/11\/dialogue-dans-le-marecage-300x236.jpg 300w, https:\/\/delos-art.com\/wp-content\/uploads\/2017\/11\/dialogue-dans-le-marecage-768x604.jpg 768w\" sizes=\"(max-width: 706px) 89vw, (max-width: 767px) 82vw, 740px\" \/><\/p>\n<p>L&#8217;oeuvre au noir:<\/p>\n<p>Ce \u00ab\u00a0portrait de femme \u00e0 la fa\u00e7on de Vermeer de Delft\u00a0\u00bb a \u00e9t\u00e9 inspir\u00e9 par les s\u00e9jours de Delos aux Pays bas. La lumi\u00e8re qui vient par la fen\u00eatre de gauche \u00e9claire \u00a0le tapis et cette femme qui au lieu de faire de la dentelle, tresse ses cheveux avec insouciance.<\/p>\n<p><img loading=\"lazy\" class=\"alignnone size-full wp-image-86\" src=\"http:\/\/delos-art.com\/wp-content\/uploads\/2017\/11\/oeuvre-au-noir.jpg\" alt=\"\" width=\"1158\" height=\"1230\" srcset=\"https:\/\/delos-art.com\/wp-content\/uploads\/2017\/11\/oeuvre-au-noir.jpg 1158w, https:\/\/delos-art.com\/wp-content\/uploads\/2017\/11\/oeuvre-au-noir-282x300.jpg 282w, https:\/\/delos-art.com\/wp-content\/uploads\/2017\/11\/oeuvre-au-noir-768x816.jpg 768w, https:\/\/delos-art.com\/wp-content\/uploads\/2017\/11\/oeuvre-au-noir-964x1024.jpg 964w\" sizes=\"(max-width: 706px) 89vw, (max-width: 767px) 82vw, 740px\" \/><\/p>\n","protected":false},"excerpt":{"rendered":"<p>L&#8217;art et la culture de la Gr\u00e8ce antique inspirent au peintre Delos le m\u00eame amour et la m\u00eame admiration que leur portait l&#8217;empereur Hadrien ; il n&#8217;est donc pas \u00e9tonnant de le retrouver dans certains de ses tableaux, avec Antino\u00fcs, son bel amant, et d&#8217;y voir Marguerite Yourcenar, auteur des &#8221; M\u00e9moires d&#8217;Hadrien &#8220;. Delos &hellip; <\/p>\n<p class=\"link-more\"><a href=\"https:\/\/delos-art.com\/index.php\/hommage-a-yourcenar\/\" class=\"more-link\">Continue reading<span class=\"screen-reader-text\"> &#8220;Hommage \u00e0 Yourcenar&#8221;<\/span><\/a><\/p>\n","protected":false},"author":1,"featured_media":0,"parent":0,"menu_order":0,"comment_status":"closed","ping_status":"closed","template":"","meta":[],"yoast_head":"<!-- This site is optimized with the Yoast SEO plugin v16.1.1 - https:\/\/yoast.com\/wordpress\/plugins\/seo\/ -->\n<title>Hommage \u00e0 Yourcenar - Delos Art GALLERY<\/title>\n<link rel=\"canonical\" href=\"https:\/\/delos-art.com\/index.php\/hommage-a-yourcenar\/\" \/>\n<meta property=\"og:locale\" content=\"en_US\" \/>\n<meta property=\"og:type\" content=\"article\" \/>\n<meta property=\"og:title\" content=\"Hommage \u00e0 Yourcenar - Delos Art GALLERY\" \/>\n<meta property=\"og:description\" content=\"L&#8217;art et la culture de la Gr\u00e8ce antique inspirent au peintre Delos le m\u00eame amour et la m\u00eame admiration que leur portait l&#8217;empereur Hadrien ; il n&#8217;est donc pas \u00e9tonnant de le retrouver dans certains de ses tableaux, avec Antino\u00fcs, son bel amant, et d&#8217;y voir Marguerite Yourcenar, auteur des &#8221; M\u00e9moires d&#8217;Hadrien &#8220;. Delos &hellip; Continue reading &quot;Hommage \u00e0 Yourcenar&quot;\" \/>\n<meta property=\"og:url\" content=\"https:\/\/delos-art.com\/index.php\/hommage-a-yourcenar\/\" \/>\n<meta property=\"og:site_name\" content=\"Delos Art GALLERY\" \/>\n<meta property=\"article:modified_time\" content=\"2018-03-16T12:32:00+00:00\" \/>\n<meta property=\"og:image\" content=\"http:\/\/delos-art.com\/wp-content\/uploads\/2017\/11\/hadrien.jpg\" \/>\n<meta name=\"twitter:card\" content=\"summary_large_image\" \/>\n<meta name=\"twitter:label1\" content=\"Est. reading time\">\n\t<meta name=\"twitter:data1\" content=\"3 minutes\">\n<script type=\"application\/ld+json\" class=\"yoast-schema-graph\">{\"@context\":\"https:\/\/schema.org\",\"@graph\":[{\"@type\":\"WebSite\",\"@id\":\"https:\/\/delos-art.com\/#website\",\"url\":\"https:\/\/delos-art.com\/\",\"name\":\"Delos Art GALLERY\",\"description\":\"DELOS LE PEINTRE DES DIEUX, H\\u00c9ROS ET MYTHOLOGIES\",\"potentialAction\":[{\"@type\":\"SearchAction\",\"target\":\"https:\/\/delos-art.com\/?s={search_term_string}\",\"query-input\":\"required name=search_term_string\"}],\"inLanguage\":\"en-US\"},{\"@type\":\"ImageObject\",\"@id\":\"https:\/\/delos-art.com\/index.php\/hommage-a-yourcenar\/#primaryimage\",\"inLanguage\":\"en-US\",\"url\":\"http:\/\/delos-art.com\/wp-content\/uploads\/2017\/11\/hadrien.jpg\",\"contentUrl\":\"http:\/\/delos-art.com\/wp-content\/uploads\/2017\/11\/hadrien.jpg\"},{\"@type\":\"WebPage\",\"@id\":\"https:\/\/delos-art.com\/index.php\/hommage-a-yourcenar\/#webpage\",\"url\":\"https:\/\/delos-art.com\/index.php\/hommage-a-yourcenar\/\",\"name\":\"Hommage \\u00e0 Yourcenar - Delos Art GALLERY\",\"isPartOf\":{\"@id\":\"https:\/\/delos-art.com\/#website\"},\"primaryImageOfPage\":{\"@id\":\"https:\/\/delos-art.com\/index.php\/hommage-a-yourcenar\/#primaryimage\"},\"datePublished\":\"2017-11-28T23:00:00+00:00\",\"dateModified\":\"2018-03-16T12:32:00+00:00\",\"breadcrumb\":{\"@id\":\"https:\/\/delos-art.com\/index.php\/hommage-a-yourcenar\/#breadcrumb\"},\"inLanguage\":\"en-US\",\"potentialAction\":[{\"@type\":\"ReadAction\",\"target\":[\"https:\/\/delos-art.com\/index.php\/hommage-a-yourcenar\/\"]}]},{\"@type\":\"BreadcrumbList\",\"@id\":\"https:\/\/delos-art.com\/index.php\/hommage-a-yourcenar\/#breadcrumb\",\"itemListElement\":[{\"@type\":\"ListItem\",\"position\":1,\"item\":{\"@type\":\"WebPage\",\"@id\":\"https:\/\/delos-art.com\/\",\"url\":\"https:\/\/delos-art.com\/\",\"name\":\"Accueil\"}},{\"@type\":\"ListItem\",\"position\":2,\"item\":{\"@type\":\"WebPage\",\"@id\":\"https:\/\/delos-art.com\/index.php\/hommage-a-yourcenar\/\",\"url\":\"https:\/\/delos-art.com\/index.php\/hommage-a-yourcenar\/\",\"name\":\"Hommage \\u00e0 Yourcenar\"}}]}]}<\/script>\n<!-- \/ Yoast SEO plugin. -->","_links":{"self":[{"href":"https:\/\/delos-art.com\/index.php\/wp-json\/wp\/v2\/pages\/84"}],"collection":[{"href":"https:\/\/delos-art.com\/index.php\/wp-json\/wp\/v2\/pages"}],"about":[{"href":"https:\/\/delos-art.com\/index.php\/wp-json\/wp\/v2\/types\/page"}],"author":[{"embeddable":true,"href":"https:\/\/delos-art.com\/index.php\/wp-json\/wp\/v2\/users\/1"}],"replies":[{"embeddable":true,"href":"https:\/\/delos-art.com\/index.php\/wp-json\/wp\/v2\/comments?post=84"}],"version-history":[{"count":5,"href":"https:\/\/delos-art.com\/index.php\/wp-json\/wp\/v2\/pages\/84\/revisions"}],"predecessor-version":[{"id":99,"href":"https:\/\/delos-art.com\/index.php\/wp-json\/wp\/v2\/pages\/84\/revisions\/99"}],"wp:attachment":[{"href":"https:\/\/delos-art.com\/index.php\/wp-json\/wp\/v2\/media?parent=84"}],"curies":[{"name":"wp","href":"https:\/\/api.w.org\/{rel}","templated":true}]}}