{"id":740,"date":"2024-03-29T09:46:23","date_gmt":"2024-03-29T08:46:23","guid":{"rendered":"https:\/\/delos-art.com\/?page_id=740"},"modified":"2024-03-29T09:51:27","modified_gmt":"2024-03-29T08:51:27","slug":"aguimes-gran-canaria-exibition-guanches-y-piedras","status":"publish","type":"page","link":"https:\/\/delos-art.com\/index.php\/en\/aguimes-gran-canaria-exibition-guanches-y-piedras\/","title":{"rendered":"Ag\u00fcimes Gran Canaria Exibition : Guanches and stones"},"content":{"rendered":"\n<p>Fr\u00e9d\u00e9ric DELOS exhibits from March 1 to 30, 2024 in the art room of the Ag\u00fcim City in  Gran Canaria. On this occasion, he addressed the theme of the ancient aborigines or Guanches who populated the island of Gran Canaria, the shepherd or warrior with all his originality and strength and the fauna of the island.<\/p>\n\n\n\n<figure class=\"wp-block-image size-large\"><img loading=\"lazy\" width=\"724\" height=\"1024\" src=\"https:\/\/delos-art.com\/wp-content\/uploads\/2024\/03\/Affiche-Expo-Aguimes3-724x1024.jpg\" alt=\"\" class=\"wp-image-707\" srcset=\"https:\/\/delos-art.com\/wp-content\/uploads\/2024\/03\/Affiche-Expo-Aguimes3-724x1024.jpg 724w, https:\/\/delos-art.com\/wp-content\/uploads\/2024\/03\/Affiche-Expo-Aguimes3-212x300.jpg 212w, https:\/\/delos-art.com\/wp-content\/uploads\/2024\/03\/Affiche-Expo-Aguimes3-768x1086.jpg 768w, https:\/\/delos-art.com\/wp-content\/uploads\/2024\/03\/Affiche-Expo-Aguimes3-1086x1536.jpg 1086w, https:\/\/delos-art.com\/wp-content\/uploads\/2024\/03\/Affiche-Expo-Aguimes3-1448x2048.jpg 1448w, https:\/\/delos-art.com\/wp-content\/uploads\/2024\/03\/Affiche-Expo-Aguimes3-350x495.jpg 350w, https:\/\/delos-art.com\/wp-content\/uploads\/2024\/03\/Affiche-Expo-Aguimes3-scaled.jpg 1810w\" sizes=\"(max-width: 724px) 100vw, 724px\" \/><\/figure>\n\n\n\n<p>Inauguration on March 1, 2024 in the presence of from left to right: Efra\u00edn Gonz\u00e1lez Rodr\u00edguez municipal councilor in charge of Culture, \u00d3scar Hern\u00e1ndez Su\u00e1rez mayor of the city of Aguimes, Fr\u00e9d\u00e9ric Delos, Juan Jos\u00e9 S\u00e1nchez Artiles Artista Gr\u00e1fico, Professor at the Nuestra Sra College. del Rosario de Ag\u00fcimes and secretary of the French Alliance of Las Palmas, Pedro Diebra honorary consul of France in Gran Canaria.<\/p>\n\n\n\n<figure class=\"wp-block-image size-large\"><img loading=\"lazy\" width=\"1024\" height=\"565\" src=\"https:\/\/delos-art.com\/wp-content\/uploads\/2024\/03\/3e203337-f7b4-44d2-ac90-b62f9b75d174-2-1024x565.jpg\" alt=\"\" class=\"wp-image-708\" srcset=\"https:\/\/delos-art.com\/wp-content\/uploads\/2024\/03\/3e203337-f7b4-44d2-ac90-b62f9b75d174-2-1024x565.jpg 1024w, https:\/\/delos-art.com\/wp-content\/uploads\/2024\/03\/3e203337-f7b4-44d2-ac90-b62f9b75d174-2-300x166.jpg 300w, https:\/\/delos-art.com\/wp-content\/uploads\/2024\/03\/3e203337-f7b4-44d2-ac90-b62f9b75d174-2-768x424.jpg 768w, https:\/\/delos-art.com\/wp-content\/uploads\/2024\/03\/3e203337-f7b4-44d2-ac90-b62f9b75d174-2-1536x848.jpg 1536w, https:\/\/delos-art.com\/wp-content\/uploads\/2024\/03\/3e203337-f7b4-44d2-ac90-b62f9b75d174-2-350x193.jpg 350w, https:\/\/delos-art.com\/wp-content\/uploads\/2024\/03\/3e203337-f7b4-44d2-ac90-b62f9b75d174-2.jpg 1705w\" sizes=\"(max-width: 706px) 89vw, (max-width: 767px) 82vw, 740px\" \/><\/figure>\n\n\n\n<figure class=\"wp-block-embed is-type-video is-provider-youtube wp-block-embed-youtube wp-embed-aspect-16-9 wp-has-aspect-ratio\"><div class=\"wp-block-embed__wrapper\">\n<iframe loading=\"lazy\" title=\"DELOS EXPOSICION EN AGUIMES GRAN CANARIA\" width=\"525\" height=\"295\" src=\"https:\/\/www.youtube.com\/embed\/2JeIrRZXqi0?feature=oembed\" frameborder=\"0\" allow=\"accelerometer; autoplay; clipboard-write; encrypted-media; gyroscope; picture-in-picture; web-share\" referrerpolicy=\"strict-origin-when-cross-origin\" allowfullscreen><\/iframe>\n<\/div><\/figure>\n\n\n\n<figure class=\"wp-block-embed is-type-video is-provider-youtube wp-block-embed-youtube wp-embed-aspect-16-9 wp-has-aspect-ratio\"><div class=\"wp-block-embed__wrapper\">\n<iframe loading=\"lazy\" title=\"Fre\u0301de\u0301ric Delos expone \u2018Guanches y piedras .Un viaje imaginario en Gran Canaria.\" width=\"525\" height=\"295\" src=\"https:\/\/www.youtube.com\/embed\/it6xVLFC_3E?feature=oembed\" frameborder=\"0\" allow=\"accelerometer; autoplay; clipboard-write; encrypted-media; gyroscope; picture-in-picture; web-share\" referrerpolicy=\"strict-origin-when-cross-origin\" allowfullscreen><\/iframe>\n<\/div><\/figure>\n\n\n\n<p>Doramas, warrior, caudillo and noble guanche who lived in the mid-15th century and was one of the main leaders of the indigenous resistance of the Canary Islands.<\/p>\n\n\n\n<figure class=\"wp-block-image size-large\"><img loading=\"lazy\" width=\"712\" height=\"1024\" src=\"https:\/\/delos-art.com\/wp-content\/uploads\/2024\/03\/IMG_3084-1-712x1024.jpeg\" alt=\"\" class=\"wp-image-710\" srcset=\"https:\/\/delos-art.com\/wp-content\/uploads\/2024\/03\/IMG_3084-1-712x1024.jpeg 712w, https:\/\/delos-art.com\/wp-content\/uploads\/2024\/03\/IMG_3084-1-208x300.jpeg 208w, https:\/\/delos-art.com\/wp-content\/uploads\/2024\/03\/IMG_3084-1-768x1105.jpeg 768w, https:\/\/delos-art.com\/wp-content\/uploads\/2024\/03\/IMG_3084-1-1067x1536.jpeg 1067w, https:\/\/delos-art.com\/wp-content\/uploads\/2024\/03\/IMG_3084-1-1423x2048.jpeg 1423w, https:\/\/delos-art.com\/wp-content\/uploads\/2024\/03\/IMG_3084-1-350x504.jpeg 350w, https:\/\/delos-art.com\/wp-content\/uploads\/2024\/03\/IMG_3084-1-scaled.jpeg 1779w\" sizes=\"(max-width: 712px) 100vw, 712px\" \/><\/figure>\n\n\n\n<p>San Sebastian de Agu\u00efmes the patron saint of the city.<\/p>\n\n\n\n<figure class=\"wp-block-image size-large\"><img loading=\"lazy\" width=\"713\" height=\"1024\" src=\"https:\/\/delos-art.com\/wp-content\/uploads\/2024\/03\/IMG_3683-713x1024.jpeg\" alt=\"\" class=\"wp-image-711\" srcset=\"https:\/\/delos-art.com\/wp-content\/uploads\/2024\/03\/IMG_3683-713x1024.jpeg 713w, https:\/\/delos-art.com\/wp-content\/uploads\/2024\/03\/IMG_3683-209x300.jpeg 209w, https:\/\/delos-art.com\/wp-content\/uploads\/2024\/03\/IMG_3683-768x1103.jpeg 768w, https:\/\/delos-art.com\/wp-content\/uploads\/2024\/03\/IMG_3683-1070x1536.jpeg 1070w, https:\/\/delos-art.com\/wp-content\/uploads\/2024\/03\/IMG_3683-1426x2048.jpeg 1426w, https:\/\/delos-art.com\/wp-content\/uploads\/2024\/03\/IMG_3683-350x503.jpeg 350w, https:\/\/delos-art.com\/wp-content\/uploads\/2024\/03\/IMG_3683-scaled.jpeg 1783w\" sizes=\"(max-width: 713px) 100vw, 713px\" \/><\/figure>\n\n\n\n<p><strong>The Horse Triptych<\/strong><\/p>\n\n\n\n<figure class=\"wp-block-image size-large is-resized\"><img loading=\"lazy\" src=\"https:\/\/delos-art.com\/wp-content\/uploads\/2024\/03\/IMG_1646-1024x583.jpeg\" alt=\"\" class=\"wp-image-712\" width=\"768\" height=\"437\" srcset=\"https:\/\/delos-art.com\/wp-content\/uploads\/2024\/03\/IMG_1646-1024x583.jpeg 1024w, https:\/\/delos-art.com\/wp-content\/uploads\/2024\/03\/IMG_1646-300x171.jpeg 300w, https:\/\/delos-art.com\/wp-content\/uploads\/2024\/03\/IMG_1646-768x437.jpeg 768w, https:\/\/delos-art.com\/wp-content\/uploads\/2024\/03\/IMG_1646-1536x874.jpeg 1536w, https:\/\/delos-art.com\/wp-content\/uploads\/2024\/03\/IMG_1646-2048x1166.jpeg 2048w, https:\/\/delos-art.com\/wp-content\/uploads\/2024\/03\/IMG_1646-350x199.jpeg 350w\" sizes=\"(max-width: 706px) 89vw, (max-width: 767px) 82vw, 740px\" \/><figcaption><strong>Also presented are all the stone paintings he created in 2023 and 2024.<\/strong><\/figcaption><\/figure>\n\n\n\n<div class=\"wp-block-columns\">\n<div class=\"wp-block-column\" style=\"flex-basis:100%\">\n<div class=\"wp-block-group\"><div class=\"wp-block-group__inner-container\">\n<figure class=\"wp-block-gallery columns-3 is-cropped\"><ul class=\"blocks-gallery-grid\"><li class=\"blocks-gallery-item\"><figure><img loading=\"lazy\" width=\"935\" height=\"1024\" src=\"https:\/\/delos-art.com\/wp-content\/uploads\/2024\/03\/IMG_2465-935x1024.jpeg\" alt=\"\" data-id=\"713\" class=\"wp-image-713\" srcset=\"https:\/\/delos-art.com\/wp-content\/uploads\/2024\/03\/IMG_2465-935x1024.jpeg 935w, https:\/\/delos-art.com\/wp-content\/uploads\/2024\/03\/IMG_2465-274x300.jpeg 274w, https:\/\/delos-art.com\/wp-content\/uploads\/2024\/03\/IMG_2465-768x841.jpeg 768w, https:\/\/delos-art.com\/wp-content\/uploads\/2024\/03\/IMG_2465-1402x1536.jpeg 1402w, https:\/\/delos-art.com\/wp-content\/uploads\/2024\/03\/IMG_2465-1870x2048.jpeg 1870w, https:\/\/delos-art.com\/wp-content\/uploads\/2024\/03\/IMG_2465-350x383.jpeg 350w\" sizes=\"(max-width: 706px) 89vw, (max-width: 767px) 82vw, 740px\" \/><\/figure><\/li><li class=\"blocks-gallery-item\"><figure><img loading=\"lazy\" width=\"1024\" height=\"672\" src=\"https:\/\/delos-art.com\/wp-content\/uploads\/2024\/03\/IMG_2796-1024x672.jpeg\" alt=\"\" data-id=\"715\" data-full-url=\"https:\/\/delos-art.com\/wp-content\/uploads\/2024\/03\/IMG_2796-scaled.jpeg\" data-link=\"https:\/\/delos-art.com\/?attachment_id=715\" class=\"wp-image-715\" srcset=\"https:\/\/delos-art.com\/wp-content\/uploads\/2024\/03\/IMG_2796-1024x672.jpeg 1024w, https:\/\/delos-art.com\/wp-content\/uploads\/2024\/03\/IMG_2796-300x197.jpeg 300w, https:\/\/delos-art.com\/wp-content\/uploads\/2024\/03\/IMG_2796-768x504.jpeg 768w, https:\/\/delos-art.com\/wp-content\/uploads\/2024\/03\/IMG_2796-1536x1008.jpeg 1536w, https:\/\/delos-art.com\/wp-content\/uploads\/2024\/03\/IMG_2796-2048x1344.jpeg 2048w, https:\/\/delos-art.com\/wp-content\/uploads\/2024\/03\/IMG_2796-350x230.jpeg 350w\" sizes=\"(max-width: 706px) 89vw, (max-width: 767px) 82vw, 740px\" \/><\/figure><\/li><li class=\"blocks-gallery-item\"><figure><img loading=\"lazy\" width=\"698\" height=\"1024\" src=\"https:\/\/delos-art.com\/wp-content\/uploads\/2024\/03\/IMG_2860-698x1024.jpeg\" alt=\"\" data-id=\"716\" data-full-url=\"https:\/\/delos-art.com\/wp-content\/uploads\/2024\/03\/IMG_2860-scaled.jpeg\" data-link=\"https:\/\/delos-art.com\/?attachment_id=716\" class=\"wp-image-716\" srcset=\"https:\/\/delos-art.com\/wp-content\/uploads\/2024\/03\/IMG_2860-698x1024.jpeg 698w, https:\/\/delos-art.com\/wp-content\/uploads\/2024\/03\/IMG_2860-205x300.jpeg 205w, https:\/\/delos-art.com\/wp-content\/uploads\/2024\/03\/IMG_2860-768x1126.jpeg 768w, https:\/\/delos-art.com\/wp-content\/uploads\/2024\/03\/IMG_2860-1048x1536.jpeg 1048w, https:\/\/delos-art.com\/wp-content\/uploads\/2024\/03\/IMG_2860-1397x2048.jpeg 1397w, https:\/\/delos-art.com\/wp-content\/uploads\/2024\/03\/IMG_2860-350x513.jpeg 350w, https:\/\/delos-art.com\/wp-content\/uploads\/2024\/03\/IMG_2860-scaled.jpeg 1746w\" sizes=\"(max-width: 698px) 100vw, 698px\" \/><\/figure><\/li><li class=\"blocks-gallery-item\"><figure><img loading=\"lazy\" width=\"1024\" height=\"756\" src=\"https:\/\/delos-art.com\/wp-content\/uploads\/2024\/03\/IMG_2873-1024x756.jpeg\" alt=\"\" data-id=\"717\" data-full-url=\"https:\/\/delos-art.com\/wp-content\/uploads\/2024\/03\/IMG_2873-scaled.jpeg\" data-link=\"https:\/\/delos-art.com\/?attachment_id=717\" class=\"wp-image-717\" srcset=\"https:\/\/delos-art.com\/wp-content\/uploads\/2024\/03\/IMG_2873-1024x756.jpeg 1024w, https:\/\/delos-art.com\/wp-content\/uploads\/2024\/03\/IMG_2873-300x222.jpeg 300w, https:\/\/delos-art.com\/wp-content\/uploads\/2024\/03\/IMG_2873-768x567.jpeg 768w, https:\/\/delos-art.com\/wp-content\/uploads\/2024\/03\/IMG_2873-1536x1135.jpeg 1536w, https:\/\/delos-art.com\/wp-content\/uploads\/2024\/03\/IMG_2873-2048x1513.jpeg 2048w, https:\/\/delos-art.com\/wp-content\/uploads\/2024\/03\/IMG_2873-350x259.jpeg 350w\" sizes=\"(max-width: 706px) 89vw, (max-width: 767px) 82vw, 740px\" \/><\/figure><\/li><li class=\"blocks-gallery-item\"><figure><img loading=\"lazy\" width=\"837\" height=\"1024\" src=\"https:\/\/delos-art.com\/wp-content\/uploads\/2024\/03\/IMG_3684-837x1024.jpeg\" alt=\"\" data-id=\"718\" data-full-url=\"https:\/\/delos-art.com\/wp-content\/uploads\/2024\/03\/IMG_3684-scaled.jpeg\" data-link=\"https:\/\/delos-art.com\/?attachment_id=718\" class=\"wp-image-718\" srcset=\"https:\/\/delos-art.com\/wp-content\/uploads\/2024\/03\/IMG_3684-837x1024.jpeg 837w, https:\/\/delos-art.com\/wp-content\/uploads\/2024\/03\/IMG_3684-245x300.jpeg 245w, https:\/\/delos-art.com\/wp-content\/uploads\/2024\/03\/IMG_3684-768x940.jpeg 768w, https:\/\/delos-art.com\/wp-content\/uploads\/2024\/03\/IMG_3684-1255x1536.jpeg 1255w, https:\/\/delos-art.com\/wp-content\/uploads\/2024\/03\/IMG_3684-1674x2048.jpeg 1674w, https:\/\/delos-art.com\/wp-content\/uploads\/2024\/03\/IMG_3684-350x428.jpeg 350w\" sizes=\"(max-width: 706px) 89vw, (max-width: 767px) 82vw, 740px\" \/><\/figure><\/li><li class=\"blocks-gallery-item\"><figure><img loading=\"lazy\" width=\"671\" height=\"1024\" src=\"https:\/\/delos-art.com\/wp-content\/uploads\/2024\/03\/IMG_3691-671x1024.jpeg\" alt=\"\" data-id=\"719\" data-full-url=\"https:\/\/delos-art.com\/wp-content\/uploads\/2024\/03\/IMG_3691-scaled.jpeg\" data-link=\"https:\/\/delos-art.com\/?attachment_id=719\" class=\"wp-image-719\" srcset=\"https:\/\/delos-art.com\/wp-content\/uploads\/2024\/03\/IMG_3691-671x1024.jpeg 671w, https:\/\/delos-art.com\/wp-content\/uploads\/2024\/03\/IMG_3691-196x300.jpeg 196w, https:\/\/delos-art.com\/wp-content\/uploads\/2024\/03\/IMG_3691-768x1173.jpeg 768w, https:\/\/delos-art.com\/wp-content\/uploads\/2024\/03\/IMG_3691-1006x1536.jpeg 1006w, https:\/\/delos-art.com\/wp-content\/uploads\/2024\/03\/IMG_3691-1341x2048.jpeg 1341w, https:\/\/delos-art.com\/wp-content\/uploads\/2024\/03\/IMG_3691-350x534.jpeg 350w, https:\/\/delos-art.com\/wp-content\/uploads\/2024\/03\/IMG_3691-scaled.jpeg 1677w\" sizes=\"(max-width: 671px) 100vw, 671px\" \/><\/figure><\/li><\/ul><\/figure>\n<\/div><\/div>\n<\/div>\n<\/div>\n","protected":false},"excerpt":{"rendered":"<p>Fr\u00e9d\u00e9ric DELOS exhibits from March 1 to 30, 2024 in the art room of the Ag\u00fcim City in Gran Canaria. On this occasion, he addressed the theme of the ancient aborigines or Guanches who populated the island of Gran Canaria, the shepherd or warrior with all his originality and strength and the fauna of the &hellip; <\/p>\n<p class=\"link-more\"><a href=\"https:\/\/delos-art.com\/index.php\/en\/aguimes-gran-canaria-exibition-guanches-y-piedras\/\" class=\"more-link\">Continue reading<span class=\"screen-reader-text\"> &#8220;Ag\u00fcimes Gran Canaria Exibition : Guanches and stones&#8221;<\/span><\/a><\/p>\n","protected":false},"author":1,"featured_media":0,"parent":0,"menu_order":0,"comment_status":"closed","ping_status":"closed","template":"","meta":[],"yoast_head":"<!-- This site is optimized with the Yoast SEO plugin v16.1.1 - https:\/\/yoast.com\/wordpress\/plugins\/seo\/ -->\n<title>Ag\u00fcimes Gran Canaria Exibition : Guanches and stones - Delos Art GALLERY<\/title>\n<link rel=\"canonical\" href=\"https:\/\/delos-art.com\/index.php\/en\/aguimes-gran-canaria-exibition-guanches-y-piedras\/\" \/>\n<meta property=\"og:locale\" content=\"en_US\" \/>\n<meta property=\"og:type\" content=\"article\" \/>\n<meta property=\"og:title\" content=\"Ag\u00fcimes Gran Canaria Exibition : Guanches and stones - Delos Art GALLERY\" \/>\n<meta property=\"og:description\" content=\"Fr\u00e9d\u00e9ric DELOS exhibits from March 1 to 30, 2024 in the art room of the Ag\u00fcim City in Gran Canaria. On this occasion, he addressed the theme of the ancient aborigines or Guanches who populated the island of Gran Canaria, the shepherd or warrior with all his originality and strength and the fauna of the &hellip; Continue reading &quot;Ag\u00fcimes Gran Canaria Exibition : Guanches and stones&quot;\" \/>\n<meta property=\"og:url\" content=\"https:\/\/delos-art.com\/index.php\/en\/aguimes-gran-canaria-exibition-guanches-y-piedras\/\" \/>\n<meta property=\"og:site_name\" content=\"Delos Art GALLERY\" \/>\n<meta property=\"article:modified_time\" content=\"2024-03-29T08:51:27+00:00\" \/>\n<meta property=\"og:image\" content=\"https:\/\/delos-art.com\/wp-content\/uploads\/2024\/03\/Affiche-Expo-Aguimes3-724x1024.jpg\" \/>\n<meta name=\"twitter:card\" content=\"summary_large_image\" \/>\n<meta name=\"twitter:label1\" content=\"Est. reading time\">\n\t<meta name=\"twitter:data1\" content=\"3 minutes\">\n<script type=\"application\/ld+json\" class=\"yoast-schema-graph\">{\"@context\":\"https:\/\/schema.org\",\"@graph\":[{\"@type\":\"WebSite\",\"@id\":\"https:\/\/delos-art.com\/#website\",\"url\":\"https:\/\/delos-art.com\/\",\"name\":\"Delos Art GALLERY\",\"description\":\"DELOS LE PEINTRE DES DIEUX, H\\u00c9ROS ET MYTHOLOGIES\",\"potentialAction\":[{\"@type\":\"SearchAction\",\"target\":\"https:\/\/delos-art.com\/?s={search_term_string}\",\"query-input\":\"required name=search_term_string\"}],\"inLanguage\":\"en-US\"},{\"@type\":\"ImageObject\",\"@id\":\"https:\/\/delos-art.com\/index.php\/en\/aguimes-gran-canaria-exibition-guanches-y-piedras\/#primaryimage\",\"inLanguage\":\"en-US\",\"url\":\"https:\/\/delos-art.com\/wp-content\/uploads\/2024\/03\/Affiche-Expo-Aguimes3-724x1024.jpg\",\"contentUrl\":\"https:\/\/delos-art.com\/wp-content\/uploads\/2024\/03\/Affiche-Expo-Aguimes3-724x1024.jpg\"},{\"@type\":\"WebPage\",\"@id\":\"https:\/\/delos-art.com\/index.php\/en\/aguimes-gran-canaria-exibition-guanches-y-piedras\/#webpage\",\"url\":\"https:\/\/delos-art.com\/index.php\/en\/aguimes-gran-canaria-exibition-guanches-y-piedras\/\",\"name\":\"Ag\\u00fcimes Gran Canaria Exibition : Guanches and stones - Delos Art GALLERY\",\"isPartOf\":{\"@id\":\"https:\/\/delos-art.com\/#website\"},\"primaryImageOfPage\":{\"@id\":\"https:\/\/delos-art.com\/index.php\/en\/aguimes-gran-canaria-exibition-guanches-y-piedras\/#primaryimage\"},\"datePublished\":\"2024-03-29T08:46:23+00:00\",\"dateModified\":\"2024-03-29T08:51:27+00:00\",\"breadcrumb\":{\"@id\":\"https:\/\/delos-art.com\/index.php\/en\/aguimes-gran-canaria-exibition-guanches-y-piedras\/#breadcrumb\"},\"inLanguage\":\"en-US\",\"potentialAction\":[{\"@type\":\"ReadAction\",\"target\":[\"https:\/\/delos-art.com\/index.php\/en\/aguimes-gran-canaria-exibition-guanches-y-piedras\/\"]}]},{\"@type\":\"BreadcrumbList\",\"@id\":\"https:\/\/delos-art.com\/index.php\/en\/aguimes-gran-canaria-exibition-guanches-y-piedras\/#breadcrumb\",\"itemListElement\":[{\"@type\":\"ListItem\",\"position\":1,\"item\":{\"@type\":\"WebPage\",\"@id\":\"https:\/\/delos-art.com\/\",\"url\":\"https:\/\/delos-art.com\/\",\"name\":\"Accueil\"}},{\"@type\":\"ListItem\",\"position\":2,\"item\":{\"@type\":\"WebPage\",\"@id\":\"https:\/\/delos-art.com\/index.php\/en\/aguimes-gran-canaria-exibition-guanches-y-piedras\/\",\"url\":\"https:\/\/delos-art.com\/index.php\/en\/aguimes-gran-canaria-exibition-guanches-y-piedras\/\",\"name\":\"Ag\\u00fcimes Gran Canaria Exibition : Guanches and stones\"}}]}]}<\/script>\n<!-- \/ Yoast SEO plugin. -->","_links":{"self":[{"href":"https:\/\/delos-art.com\/index.php\/wp-json\/wp\/v2\/pages\/740"}],"collection":[{"href":"https:\/\/delos-art.com\/index.php\/wp-json\/wp\/v2\/pages"}],"about":[{"href":"https:\/\/delos-art.com\/index.php\/wp-json\/wp\/v2\/types\/page"}],"author":[{"embeddable":true,"href":"https:\/\/delos-art.com\/index.php\/wp-json\/wp\/v2\/users\/1"}],"replies":[{"embeddable":true,"href":"https:\/\/delos-art.com\/index.php\/wp-json\/wp\/v2\/comments?post=740"}],"version-history":[{"count":2,"href":"https:\/\/delos-art.com\/index.php\/wp-json\/wp\/v2\/pages\/740\/revisions"}],"predecessor-version":[{"id":743,"href":"https:\/\/delos-art.com\/index.php\/wp-json\/wp\/v2\/pages\/740\/revisions\/743"}],"wp:attachment":[{"href":"https:\/\/delos-art.com\/index.php\/wp-json\/wp\/v2\/media?parent=740"}],"curies":[{"name":"wp","href":"https:\/\/api.w.org\/{rel}","templated":true}]}}