{"id":688,"date":"2023-10-22T09:38:38","date_gmt":"2023-10-22T07:38:38","guid":{"rendered":"https:\/\/delos-art.com\/?page_id=688"},"modified":"2023-10-22T09:38:39","modified_gmt":"2023-10-22T07:38:39","slug":"ludovic-seth","status":"publish","type":"page","link":"https:\/\/delos-art.com\/index.php\/ludovic-seth\/","title":{"rendered":"LUDOVIC SETH"},"content":{"rendered":"\n<p>Une tr\u00e8s collaboration s&#8217;est \u00e9tablie entre Delos et Ludovic Seth , talentueux photographe de Lyon.<\/p>\n\n\n\n<p><a href=\"http:\/\/www.ludovic-seth.fr\/\">www.ludovic-seth.fr<\/a><\/p>\n\n\n\n<p>Dans sa tr\u00e8s belle s\u00e9rie &#8220;territoires d&#8217;abandon&#8221; il met en sc\u00e8ne des nus masculins dans des anciens b\u00e2timents abandonn\u00e9s. Un merveilleux contraste entre ces corps parfaitement sculpt\u00e9s et ces d\u00e9cors de sites industriels abandonn\u00e9s et d\u00e9labr\u00e9s.<\/p>\n\n\n\n<figure class=\"wp-block-image\"><img loading=\"lazy\" width=\"465\" height=\"733\" src=\"http:\/\/delos-art.com\/wp-content\/uploads\/2017\/12\/Capture-d\u2019\u00e9cran-2017-12-02-\u00e0-23.37.19.png\" alt=\"\" class=\"wp-image-116\" srcset=\"https:\/\/delos-art.com\/wp-content\/uploads\/2017\/12\/Capture-d\u2019\u00e9cran-2017-12-02-\u00e0-23.37.19.png 465w, https:\/\/delos-art.com\/wp-content\/uploads\/2017\/12\/Capture-d\u2019\u00e9cran-2017-12-02-\u00e0-23.37.19-190x300.png 190w\" sizes=\"(max-width: 465px) 100vw, 465px\" \/><\/figure>\n\n\n\n<p>Travail sur la photo:<\/p>\n\n\n\n<figure class=\"wp-block-image\"><img loading=\"lazy\" width=\"626\" height=\"1328\" src=\"http:\/\/delos-art.com\/wp-content\/uploads\/2017\/12\/seth.jpg\" alt=\"\" class=\"wp-image-117\" srcset=\"https:\/\/delos-art.com\/wp-content\/uploads\/2017\/12\/seth.jpg 626w, https:\/\/delos-art.com\/wp-content\/uploads\/2017\/12\/seth-141x300.jpg 141w, https:\/\/delos-art.com\/wp-content\/uploads\/2017\/12\/seth-483x1024.jpg 483w\" sizes=\"(max-width: 626px) 100vw, 626px\" \/><\/figure>\n\n\n\n<p>et l&#8217;oeuvre finale :<\/p>\n\n\n\n<figure class=\"wp-block-image\"><img loading=\"lazy\" width=\"1835\" height=\"3738\" src=\"http:\/\/delos-art.com\/wp-content\/uploads\/2017\/11\/IMG_4569.jpg\" alt=\"\" class=\"wp-image-51\" srcset=\"https:\/\/delos-art.com\/wp-content\/uploads\/2017\/11\/IMG_4569.jpg 1835w, https:\/\/delos-art.com\/wp-content\/uploads\/2017\/11\/IMG_4569-147x300.jpg 147w, https:\/\/delos-art.com\/wp-content\/uploads\/2017\/11\/IMG_4569-768x1564.jpg 768w, https:\/\/delos-art.com\/wp-content\/uploads\/2017\/11\/IMG_4569-503x1024.jpg 503w\" sizes=\"(max-width: 706px) 89vw, (max-width: 767px) 82vw, 740px\" \/><\/figure>\n\n\n\n<p>Et ensuite ce tr\u00e8s beau mod\u00e8le :<\/p>\n\n\n\n<figure class=\"wp-block-image\"><a href=\"http:\/\/delos-art.com\/wp-content\/uploads\/2017\/12\/7555b.jpg\"><img loading=\"lazy\" width=\"1400\" height=\"1890\" src=\"http:\/\/delos-art.com\/wp-content\/uploads\/2017\/12\/7555b.jpg\" alt=\"\" class=\"wp-image-185\" srcset=\"https:\/\/delos-art.com\/wp-content\/uploads\/2017\/12\/7555b.jpg 1400w, https:\/\/delos-art.com\/wp-content\/uploads\/2017\/12\/7555b-350x473.jpg 350w, https:\/\/delos-art.com\/wp-content\/uploads\/2017\/12\/7555b-222x300.jpg 222w, https:\/\/delos-art.com\/wp-content\/uploads\/2017\/12\/7555b-768x1037.jpg 768w, https:\/\/delos-art.com\/wp-content\/uploads\/2017\/12\/7555b-759x1024.jpg 759w\" sizes=\"(max-width: 706px) 89vw, (max-width: 767px) 82vw, 740px\" \/><\/a><\/figure>\n\n\n\n<p>La photo retravaill\u00e9e :<\/p>\n\n\n\n<figure class=\"wp-block-image\"><a href=\"http:\/\/delos-art.com\/wp-content\/uploads\/2017\/12\/duo31.jpg\"><img src=\"http:\/\/delos-art.com\/wp-content\/uploads\/2017\/12\/duo31-e1514194715264.jpg\" alt=\"\" class=\"wp-image-186\"\/><\/a><\/figure>\n\n\n\n<figure class=\"wp-block-image\"><a href=\"http:\/\/delos-art.com\/wp-content\/uploads\/2017\/12\/IMG_6798.jpg\"><img loading=\"lazy\" width=\"2690\" height=\"3603\" src=\"http:\/\/delos-art.com\/wp-content\/uploads\/2017\/12\/IMG_6798.jpg\" alt=\"\" class=\"wp-image-182\" srcset=\"https:\/\/delos-art.com\/wp-content\/uploads\/2017\/12\/IMG_6798.jpg 2690w, https:\/\/delos-art.com\/wp-content\/uploads\/2017\/12\/IMG_6798-224x300.jpg 224w, https:\/\/delos-art.com\/wp-content\/uploads\/2017\/12\/IMG_6798-768x1029.jpg 768w, https:\/\/delos-art.com\/wp-content\/uploads\/2017\/12\/IMG_6798-765x1024.jpg 765w\" sizes=\"(max-width: 706px) 89vw, (max-width: 767px) 82vw, 740px\" \/><\/a><\/figure>\n","protected":false},"excerpt":{"rendered":"<p>Une tr\u00e8s collaboration s&#8217;est \u00e9tablie entre Delos et Ludovic Seth , talentueux photographe de Lyon. www.ludovic-seth.fr Dans sa tr\u00e8s belle s\u00e9rie &#8220;territoires d&#8217;abandon&#8221; il met en sc\u00e8ne des nus masculins dans des anciens b\u00e2timents abandonn\u00e9s. Un merveilleux contraste entre ces corps parfaitement sculpt\u00e9s et ces d\u00e9cors de sites industriels abandonn\u00e9s et d\u00e9labr\u00e9s. Travail sur la &hellip; <\/p>\n<p class=\"link-more\"><a href=\"https:\/\/delos-art.com\/index.php\/ludovic-seth\/\" class=\"more-link\">Continue reading<span class=\"screen-reader-text\"> &#8220;LUDOVIC SETH&#8221;<\/span><\/a><\/p>\n","protected":false},"author":1,"featured_media":0,"parent":0,"menu_order":0,"comment_status":"closed","ping_status":"closed","template":"","meta":[],"yoast_head":"<!-- This site is optimized with the Yoast SEO plugin v16.1.1 - https:\/\/yoast.com\/wordpress\/plugins\/seo\/ -->\n<title>LUDOVIC SETH - Delos Art GALLERY<\/title>\n<link rel=\"canonical\" href=\"https:\/\/delos-art.com\/index.php\/ludovic-seth\/\" \/>\n<meta property=\"og:locale\" content=\"en_US\" \/>\n<meta property=\"og:type\" content=\"article\" \/>\n<meta property=\"og:title\" content=\"LUDOVIC SETH - Delos Art GALLERY\" \/>\n<meta property=\"og:description\" content=\"Une tr\u00e8s collaboration s&#8217;est \u00e9tablie entre Delos et Ludovic Seth , talentueux photographe de Lyon. www.ludovic-seth.fr Dans sa tr\u00e8s belle s\u00e9rie &#8220;territoires d&#8217;abandon&#8221; il met en sc\u00e8ne des nus masculins dans des anciens b\u00e2timents abandonn\u00e9s. Un merveilleux contraste entre ces corps parfaitement sculpt\u00e9s et ces d\u00e9cors de sites industriels abandonn\u00e9s et d\u00e9labr\u00e9s. Travail sur la &hellip; Continue reading &quot;LUDOVIC SETH&quot;\" \/>\n<meta property=\"og:url\" content=\"https:\/\/delos-art.com\/index.php\/ludovic-seth\/\" \/>\n<meta property=\"og:site_name\" content=\"Delos Art GALLERY\" \/>\n<meta property=\"article:modified_time\" content=\"2023-10-22T07:38:39+00:00\" \/>\n<meta property=\"og:image\" content=\"http:\/\/delos-art.com\/wp-content\/uploads\/2017\/12\/Capture-d\u2019\u00e9cran-2017-12-02-\u00e0-23.37.19.png\" \/>\n<meta name=\"twitter:card\" content=\"summary_large_image\" \/>\n<meta name=\"twitter:label1\" content=\"Est. reading time\">\n\t<meta name=\"twitter:data1\" content=\"2 minutes\">\n<script type=\"application\/ld+json\" class=\"yoast-schema-graph\">{\"@context\":\"https:\/\/schema.org\",\"@graph\":[{\"@type\":\"WebSite\",\"@id\":\"https:\/\/delos-art.com\/#website\",\"url\":\"https:\/\/delos-art.com\/\",\"name\":\"Delos Art GALLERY\",\"description\":\"DELOS LE PEINTRE DES DIEUX, H\\u00c9ROS ET MYTHOLOGIES\",\"potentialAction\":[{\"@type\":\"SearchAction\",\"target\":\"https:\/\/delos-art.com\/?s={search_term_string}\",\"query-input\":\"required name=search_term_string\"}],\"inLanguage\":\"en-US\"},{\"@type\":\"ImageObject\",\"@id\":\"https:\/\/delos-art.com\/index.php\/ludovic-seth\/#primaryimage\",\"inLanguage\":\"en-US\",\"url\":\"http:\/\/delos-art.com\/wp-content\/uploads\/2017\/12\/Capture-d\\u2019\\u00e9cran-2017-12-02-\\u00e0-23.37.19.png\",\"contentUrl\":\"http:\/\/delos-art.com\/wp-content\/uploads\/2017\/12\/Capture-d\\u2019\\u00e9cran-2017-12-02-\\u00e0-23.37.19.png\"},{\"@type\":\"WebPage\",\"@id\":\"https:\/\/delos-art.com\/index.php\/ludovic-seth\/#webpage\",\"url\":\"https:\/\/delos-art.com\/index.php\/ludovic-seth\/\",\"name\":\"LUDOVIC SETH - Delos Art GALLERY\",\"isPartOf\":{\"@id\":\"https:\/\/delos-art.com\/#website\"},\"primaryImageOfPage\":{\"@id\":\"https:\/\/delos-art.com\/index.php\/ludovic-seth\/#primaryimage\"},\"datePublished\":\"2023-10-22T07:38:38+00:00\",\"dateModified\":\"2023-10-22T07:38:39+00:00\",\"breadcrumb\":{\"@id\":\"https:\/\/delos-art.com\/index.php\/ludovic-seth\/#breadcrumb\"},\"inLanguage\":\"en-US\",\"potentialAction\":[{\"@type\":\"ReadAction\",\"target\":[\"https:\/\/delos-art.com\/index.php\/ludovic-seth\/\"]}]},{\"@type\":\"BreadcrumbList\",\"@id\":\"https:\/\/delos-art.com\/index.php\/ludovic-seth\/#breadcrumb\",\"itemListElement\":[{\"@type\":\"ListItem\",\"position\":1,\"item\":{\"@type\":\"WebPage\",\"@id\":\"https:\/\/delos-art.com\/\",\"url\":\"https:\/\/delos-art.com\/\",\"name\":\"Accueil\"}},{\"@type\":\"ListItem\",\"position\":2,\"item\":{\"@type\":\"WebPage\",\"@id\":\"https:\/\/delos-art.com\/index.php\/ludovic-seth\/\",\"url\":\"https:\/\/delos-art.com\/index.php\/ludovic-seth\/\",\"name\":\"LUDOVIC SETH\"}}]}]}<\/script>\n<!-- \/ Yoast SEO plugin. -->","_links":{"self":[{"href":"https:\/\/delos-art.com\/index.php\/wp-json\/wp\/v2\/pages\/688"}],"collection":[{"href":"https:\/\/delos-art.com\/index.php\/wp-json\/wp\/v2\/pages"}],"about":[{"href":"https:\/\/delos-art.com\/index.php\/wp-json\/wp\/v2\/types\/page"}],"author":[{"embeddable":true,"href":"https:\/\/delos-art.com\/index.php\/wp-json\/wp\/v2\/users\/1"}],"replies":[{"embeddable":true,"href":"https:\/\/delos-art.com\/index.php\/wp-json\/wp\/v2\/comments?post=688"}],"version-history":[{"count":1,"href":"https:\/\/delos-art.com\/index.php\/wp-json\/wp\/v2\/pages\/688\/revisions"}],"predecessor-version":[{"id":689,"href":"https:\/\/delos-art.com\/index.php\/wp-json\/wp\/v2\/pages\/688\/revisions\/689"}],"wp:attachment":[{"href":"https:\/\/delos-art.com\/index.php\/wp-json\/wp\/v2\/media?parent=688"}],"curies":[{"name":"wp","href":"https:\/\/api.w.org\/{rel}","templated":true}]}}