{"id":684,"date":"2023-10-22T09:34:22","date_gmt":"2023-10-22T07:34:22","guid":{"rendered":"https:\/\/delos-art.com\/?page_id=684"},"modified":"2023-10-22T09:34:23","modified_gmt":"2023-10-22T07:34:23","slug":"icaros-de-enrique-toribio","status":"publish","type":"page","link":"https:\/\/delos-art.com\/index.php\/icaros-de-enrique-toribio\/","title":{"rendered":"ICAROS DE ENRIQUE TORIBIO"},"content":{"rendered":"\n<p>Tr\u00e8s belle collaboration avec le photographe espagnol Enrique Toribio: <a href=\"http:\/\/www.etoribio.com\">www.etoribio.com<\/a><\/p>\n\n\n\n<figure class=\"wp-block-image\"><a href=\"http:\/\/delos-art.com\/wp-content\/uploads\/2017\/11\/IMG_2963-1.jpg\"><img loading=\"lazy\" width=\"1830\" height=\"3752\" src=\"http:\/\/delos-art.com\/wp-content\/uploads\/2017\/11\/IMG_2963-1.jpg\" alt=\"\" class=\"wp-image-112\" srcset=\"https:\/\/delos-art.com\/wp-content\/uploads\/2017\/11\/IMG_2963-1.jpg 1830w, https:\/\/delos-art.com\/wp-content\/uploads\/2017\/11\/IMG_2963-1-146x300.jpg 146w, https:\/\/delos-art.com\/wp-content\/uploads\/2017\/11\/IMG_2963-1-768x1575.jpg 768w, https:\/\/delos-art.com\/wp-content\/uploads\/2017\/11\/IMG_2963-1-499x1024.jpg 499w\" sizes=\"(max-width: 706px) 89vw, (max-width: 767px) 82vw, 740px\" \/><\/a><\/figure>\n\n\n\n<p>La photo de la s\u00e9rie icaros:<\/p>\n\n\n\n<figure class=\"wp-block-image\"><a href=\"http:\/\/delos-art.com\/wp-content\/uploads\/2017\/11\/etoribio2.png\"><img loading=\"lazy\" width=\"571\" height=\"1024\" src=\"http:\/\/delos-art.com\/wp-content\/uploads\/2017\/11\/etoribio2-571x1024.png\" alt=\"\" class=\"wp-image-76\" srcset=\"https:\/\/delos-art.com\/wp-content\/uploads\/2017\/11\/etoribio2-571x1024.png 571w, https:\/\/delos-art.com\/wp-content\/uploads\/2017\/11\/etoribio2-167x300.png 167w, https:\/\/delos-art.com\/wp-content\/uploads\/2017\/11\/etoribio2-768x1376.png 768w, https:\/\/delos-art.com\/wp-content\/uploads\/2017\/11\/etoribio2.png 962w\" sizes=\"(max-width: 571px) 100vw, 571px\" \/><\/a><\/figure>\n\n\n\n<p>Le travail sur &nbsp;les impressions photo:<\/p>\n\n\n\n<figure class=\"wp-block-image\"><a href=\"http:\/\/delos-art.com\/wp-content\/uploads\/2017\/11\/IMG_1060.jpg\"><img loading=\"lazy\" width=\"1334\" height=\"743\" src=\"http:\/\/delos-art.com\/wp-content\/uploads\/2017\/11\/IMG_1060.jpg\" alt=\"\" class=\"wp-image-77\" srcset=\"https:\/\/delos-art.com\/wp-content\/uploads\/2017\/11\/IMG_1060.jpg 1334w, https:\/\/delos-art.com\/wp-content\/uploads\/2017\/11\/IMG_1060-300x167.jpg 300w, https:\/\/delos-art.com\/wp-content\/uploads\/2017\/11\/IMG_1060-768x428.jpg 768w, https:\/\/delos-art.com\/wp-content\/uploads\/2017\/11\/IMG_1060-1024x570.jpg 1024w\" sizes=\"(max-width: 706px) 89vw, (max-width: 767px) 82vw, 740px\" \/><\/a><\/figure>\n\n\n\n<p>Et cette photo \u00e9galement avec des tons bleus:<\/p>\n\n\n\n<figure class=\"wp-block-image\"><a href=\"http:\/\/delos-art.com\/wp-content\/uploads\/2017\/11\/IMG_6417.jpg\"><img src=\"http:\/\/delos-art.com\/wp-content\/uploads\/2017\/11\/IMG_6417.jpg\" alt=\"\" class=\"wp-image-190\"\/><\/a><\/figure>\n\n\n\n<p>et le travail du photographe:<\/p>\n\n\n\n<figure class=\"wp-block-image\"><a href=\"http:\/\/delos-art.com\/wp-content\/uploads\/2017\/11\/etoribio3.jpg\"><img loading=\"lazy\" width=\"1406\" height=\"1910\" src=\"http:\/\/delos-art.com\/wp-content\/uploads\/2017\/11\/etoribio3.jpg\" alt=\"\" class=\"wp-image-82\" srcset=\"https:\/\/delos-art.com\/wp-content\/uploads\/2017\/11\/etoribio3.jpg 1406w, https:\/\/delos-art.com\/wp-content\/uploads\/2017\/11\/etoribio3-221x300.jpg 221w, https:\/\/delos-art.com\/wp-content\/uploads\/2017\/11\/etoribio3-768x1043.jpg 768w, https:\/\/delos-art.com\/wp-content\/uploads\/2017\/11\/etoribio3-754x1024.jpg 754w\" sizes=\"(max-width: 706px) 89vw, (max-width: 767px) 82vw, 740px\" \/><\/a><\/figure>\n\n\n\n<p><\/p>\n","protected":false},"excerpt":{"rendered":"<p>Tr\u00e8s belle collaboration avec le photographe espagnol Enrique Toribio: www.etoribio.com La photo de la s\u00e9rie icaros: Le travail sur &nbsp;les impressions photo: Et cette photo \u00e9galement avec des tons bleus: et le travail du photographe:<\/p>\n","protected":false},"author":1,"featured_media":0,"parent":0,"menu_order":0,"comment_status":"closed","ping_status":"closed","template":"","meta":[],"yoast_head":"<!-- This site is optimized with the Yoast SEO plugin v16.1.1 - https:\/\/yoast.com\/wordpress\/plugins\/seo\/ -->\n<title>ICAROS DE ENRIQUE TORIBIO - Delos Art GALLERY<\/title>\n<link rel=\"canonical\" href=\"https:\/\/delos-art.com\/index.php\/icaros-de-enrique-toribio\/\" \/>\n<meta property=\"og:locale\" content=\"en_US\" \/>\n<meta property=\"og:type\" content=\"article\" \/>\n<meta property=\"og:title\" content=\"ICAROS DE ENRIQUE TORIBIO - Delos Art GALLERY\" \/>\n<meta property=\"og:description\" content=\"Tr\u00e8s belle collaboration avec le photographe espagnol Enrique Toribio: www.etoribio.com La photo de la s\u00e9rie icaros: Le travail sur &nbsp;les impressions photo: Et cette photo \u00e9galement avec des tons bleus: et le travail du photographe:\" \/>\n<meta property=\"og:url\" content=\"https:\/\/delos-art.com\/index.php\/icaros-de-enrique-toribio\/\" \/>\n<meta property=\"og:site_name\" content=\"Delos Art GALLERY\" \/>\n<meta property=\"article:modified_time\" content=\"2023-10-22T07:34:23+00:00\" \/>\n<meta property=\"og:image\" content=\"http:\/\/delos-art.com\/wp-content\/uploads\/2017\/11\/IMG_2963-1.jpg\" \/>\n<meta name=\"twitter:card\" content=\"summary_large_image\" \/>\n<meta name=\"twitter:label1\" content=\"Est. reading time\">\n\t<meta name=\"twitter:data1\" content=\"2 minutes\">\n<script type=\"application\/ld+json\" class=\"yoast-schema-graph\">{\"@context\":\"https:\/\/schema.org\",\"@graph\":[{\"@type\":\"WebSite\",\"@id\":\"https:\/\/delos-art.com\/#website\",\"url\":\"https:\/\/delos-art.com\/\",\"name\":\"Delos Art GALLERY\",\"description\":\"DELOS LE PEINTRE DES DIEUX, H\\u00c9ROS ET MYTHOLOGIES\",\"potentialAction\":[{\"@type\":\"SearchAction\",\"target\":\"https:\/\/delos-art.com\/?s={search_term_string}\",\"query-input\":\"required name=search_term_string\"}],\"inLanguage\":\"en-US\"},{\"@type\":\"ImageObject\",\"@id\":\"https:\/\/delos-art.com\/index.php\/icaros-de-enrique-toribio\/#primaryimage\",\"inLanguage\":\"en-US\",\"url\":\"http:\/\/delos-art.com\/wp-content\/uploads\/2017\/11\/IMG_2963-1.jpg\",\"contentUrl\":\"http:\/\/delos-art.com\/wp-content\/uploads\/2017\/11\/IMG_2963-1.jpg\"},{\"@type\":\"WebPage\",\"@id\":\"https:\/\/delos-art.com\/index.php\/icaros-de-enrique-toribio\/#webpage\",\"url\":\"https:\/\/delos-art.com\/index.php\/icaros-de-enrique-toribio\/\",\"name\":\"ICAROS DE ENRIQUE TORIBIO - Delos Art GALLERY\",\"isPartOf\":{\"@id\":\"https:\/\/delos-art.com\/#website\"},\"primaryImageOfPage\":{\"@id\":\"https:\/\/delos-art.com\/index.php\/icaros-de-enrique-toribio\/#primaryimage\"},\"datePublished\":\"2023-10-22T07:34:22+00:00\",\"dateModified\":\"2023-10-22T07:34:23+00:00\",\"breadcrumb\":{\"@id\":\"https:\/\/delos-art.com\/index.php\/icaros-de-enrique-toribio\/#breadcrumb\"},\"inLanguage\":\"en-US\",\"potentialAction\":[{\"@type\":\"ReadAction\",\"target\":[\"https:\/\/delos-art.com\/index.php\/icaros-de-enrique-toribio\/\"]}]},{\"@type\":\"BreadcrumbList\",\"@id\":\"https:\/\/delos-art.com\/index.php\/icaros-de-enrique-toribio\/#breadcrumb\",\"itemListElement\":[{\"@type\":\"ListItem\",\"position\":1,\"item\":{\"@type\":\"WebPage\",\"@id\":\"https:\/\/delos-art.com\/\",\"url\":\"https:\/\/delos-art.com\/\",\"name\":\"Accueil\"}},{\"@type\":\"ListItem\",\"position\":2,\"item\":{\"@type\":\"WebPage\",\"@id\":\"https:\/\/delos-art.com\/index.php\/icaros-de-enrique-toribio\/\",\"url\":\"https:\/\/delos-art.com\/index.php\/icaros-de-enrique-toribio\/\",\"name\":\"ICAROS DE ENRIQUE TORIBIO\"}}]}]}<\/script>\n<!-- \/ Yoast SEO plugin. -->","_links":{"self":[{"href":"https:\/\/delos-art.com\/index.php\/wp-json\/wp\/v2\/pages\/684"}],"collection":[{"href":"https:\/\/delos-art.com\/index.php\/wp-json\/wp\/v2\/pages"}],"about":[{"href":"https:\/\/delos-art.com\/index.php\/wp-json\/wp\/v2\/types\/page"}],"author":[{"embeddable":true,"href":"https:\/\/delos-art.com\/index.php\/wp-json\/wp\/v2\/users\/1"}],"replies":[{"embeddable":true,"href":"https:\/\/delos-art.com\/index.php\/wp-json\/wp\/v2\/comments?post=684"}],"version-history":[{"count":1,"href":"https:\/\/delos-art.com\/index.php\/wp-json\/wp\/v2\/pages\/684\/revisions"}],"predecessor-version":[{"id":685,"href":"https:\/\/delos-art.com\/index.php\/wp-json\/wp\/v2\/pages\/684\/revisions\/685"}],"wp:attachment":[{"href":"https:\/\/delos-art.com\/index.php\/wp-json\/wp\/v2\/media?parent=684"}],"curies":[{"name":"wp","href":"https:\/\/api.w.org\/{rel}","templated":true}]}}