{"id":340,"date":"2018-12-21T11:18:15","date_gmt":"2018-12-21T10:18:15","guid":{"rendered":"http:\/\/delos-art.com\/?page_id=340"},"modified":"2021-04-26T18:29:29","modified_gmt":"2021-04-26T16:29:29","slug":"pieta-de-delos","status":"publish","type":"page","link":"https:\/\/delos-art.com\/index.php\/pieta-de-delos\/","title":{"rendered":"Pieta de Delos"},"content":{"rendered":"<p><strong>Collection 2018 : Etude autour de la Pi\u00e9ta.<\/strong><\/p>\n<p><strong>La Pi\u00e9ta Bleu :<\/strong> La source d&#8217;inspiration : <a href=\"https:\/\/lesyeuxdargus.wordpress.com\/2014\/10\/20\/la-pieta-de-michel-ange\/\">La pi\u00e9ta de Michel-Ange<\/a>. Le nom Piet\u00e0 d\u00e9signe une repr\u00e9sentation tr\u00e8s courante du corps du Christ dans les bras de sa m\u00e8re, apr\u00e8s la descente de la croix. Michel-Ange n\u2019a m\u00eame pas 25 ans et la r\u00e9alise en un an, entre 1498 et 1499. Perfectionniste, il s\u00e9lectionna lui-m\u00eame le bloc de marbre de Carrare de 2,5 tonnes et veilla au transport jusqu\u2019\u00e0 Rome. Avec talent, il veut que ses personnages soient beaux. Il veut les montrer habit\u00e9s par la gr\u00e2ce divine. Il veut les rendre sublimes en les polissant jusqu\u2019\u00e0 leur donner un lustre parfait.<\/p>\n<p>Ce que j&#8217;admire dans la pi\u00e8ce maitresse du c\u00e9l\u00e8bre sculpteur italien, c&#8217;est tout cette atmosph\u00e8re de s\u00e9r\u00e9nit\u00e9 et de bienveillance entre ces 2 personnes.<\/p>\n<p>J&#8217;ai voulu transcrire dans une version masculine, gr\u00e2ce \u00e0 un regard et une attitude,\u00a0 toute la bienveillance qu&#8217;il peut y avoir entre deux \u00eatres.<\/p>\n<p><a href=\"http:\/\/delos-art.com\/wp-content\/uploads\/2018\/10\/cropped-Pieta.jpg\"><img loading=\"lazy\" class=\"alignnone size-full wp-image-326\" src=\"http:\/\/delos-art.com\/wp-content\/uploads\/2018\/10\/cropped-Pieta.jpg\" alt=\"\" width=\"2000\" height=\"1978\" srcset=\"https:\/\/delos-art.com\/wp-content\/uploads\/2018\/10\/cropped-Pieta.jpg 2000w, https:\/\/delos-art.com\/wp-content\/uploads\/2018\/10\/cropped-Pieta-100x100.jpg 100w, https:\/\/delos-art.com\/wp-content\/uploads\/2018\/10\/cropped-Pieta-350x346.jpg 350w, https:\/\/delos-art.com\/wp-content\/uploads\/2018\/10\/cropped-Pieta-300x297.jpg 300w, https:\/\/delos-art.com\/wp-content\/uploads\/2018\/10\/cropped-Pieta-768x760.jpg 768w, https:\/\/delos-art.com\/wp-content\/uploads\/2018\/10\/cropped-Pieta-1024x1013.jpg 1024w\" sizes=\"(max-width: 706px) 89vw, (max-width: 767px) 82vw, 740px\" \/><\/a><\/p>\n<p><a href=\"http:\/\/delos-art.com\/wp-content\/uploads\/2018\/12\/A7F68109-6914-40BD-93E0-ECE0FA437DFEL0001photo-full.jpg\">Les 2 mod\u00e8les : Ben et J\u00e9sus. ( Photographe Ludovic Seth ).<img loading=\"lazy\" class=\"alignnone size-full wp-image-344\" src=\"http:\/\/delos-art.com\/wp-content\/uploads\/2018\/12\/A7F68109-6914-40BD-93E0-ECE0FA437DFEL0001photo-full.jpg\" alt=\"\" width=\"3024\" height=\"4032\" \/><\/a><\/p>\n<p>VOIR LE MAKING-OF \u00a0de la Pi\u00e9ta :<\/p>\n<p><iframe loading=\"lazy\" src=\"https:\/\/www.youtube.com\/embed\/D-GOJR_tpnc?rel=0&amp;autoplay=1\" width=\"670\" height=\"377\" frameborder=\"0\" allowfullscreen=\"allowfullscreen\" data-mce-fragment=\"1\"><\/iframe><\/p>\n<p>Consultez le journal de Delos depuis 1979<\/p>\n<p><strong>La descente de la Croix.<\/strong><\/p>\n<p><a href=\"http:\/\/delos-art.com\/wp-content\/uploads\/2018\/12\/IMG_3799.jpg\"><img loading=\"lazy\" class=\"alignnone size-full wp-image-343\" src=\"http:\/\/delos-art.com\/wp-content\/uploads\/2018\/12\/IMG_3799.jpg\" alt=\"\" width=\"1792\" height=\"3682\" \/><\/a><\/p>\n<p>Premier croquis pour la descente\u00a0 de la\u00a0 croix.<img loading=\"lazy\" class=\"alignnone size-full wp-image-341\" src=\"http:\/\/delos-art.com\/wp-content\/uploads\/2018\/12\/IMG_2040.jpg\" alt=\"\" width=\"1900\" height=\"3744\" \/> <a href=\"http:\/\/delos-art.com\/wp-content\/uploads\/2018\/12\/IMG_3598.jpg\"><img loading=\"lazy\" class=\"alignnone size-full wp-image-342\" src=\"http:\/\/delos-art.com\/wp-content\/uploads\/2018\/12\/IMG_3598.jpg\" alt=\"\" width=\"4032\" height=\"3024\" \/><\/a><\/p>\n","protected":false},"excerpt":{"rendered":"<p>Collection 2018 : Etude autour de la Pi\u00e9ta. La Pi\u00e9ta Bleu : La source d&#8217;inspiration : La pi\u00e9ta de Michel-Ange. Le nom Piet\u00e0 d\u00e9signe une repr\u00e9sentation tr\u00e8s courante du corps du Christ dans les bras de sa m\u00e8re, apr\u00e8s la descente de la croix. Michel-Ange n\u2019a m\u00eame pas 25 ans et la r\u00e9alise en un &hellip; <\/p>\n<p class=\"link-more\"><a href=\"https:\/\/delos-art.com\/index.php\/pieta-de-delos\/\" class=\"more-link\">Continue reading<span class=\"screen-reader-text\"> &#8220;Pieta de Delos&#8221;<\/span><\/a><\/p>\n","protected":false},"author":1,"featured_media":0,"parent":0,"menu_order":0,"comment_status":"closed","ping_status":"closed","template":"","meta":[],"yoast_head":"<!-- This site is optimized with the Yoast SEO plugin v16.1.1 - https:\/\/yoast.com\/wordpress\/plugins\/seo\/ -->\n<title>Pieta de Delos - Delos Art GALLERY<\/title>\n<link rel=\"canonical\" href=\"https:\/\/delos-art.com\/index.php\/pieta-de-delos\/\" \/>\n<meta property=\"og:locale\" content=\"en_US\" \/>\n<meta property=\"og:type\" content=\"article\" \/>\n<meta property=\"og:title\" content=\"Pieta de Delos - Delos Art GALLERY\" \/>\n<meta property=\"og:description\" content=\"Collection 2018 : Etude autour de la Pi\u00e9ta. La Pi\u00e9ta Bleu : La source d&#8217;inspiration : La pi\u00e9ta de Michel-Ange. Le nom Piet\u00e0 d\u00e9signe une repr\u00e9sentation tr\u00e8s courante du corps du Christ dans les bras de sa m\u00e8re, apr\u00e8s la descente de la croix. Michel-Ange n\u2019a m\u00eame pas 25 ans et la r\u00e9alise en un &hellip; Continue reading &quot;Pieta de Delos&quot;\" \/>\n<meta property=\"og:url\" content=\"https:\/\/delos-art.com\/index.php\/pieta-de-delos\/\" \/>\n<meta property=\"og:site_name\" content=\"Delos Art GALLERY\" \/>\n<meta property=\"article:modified_time\" content=\"2021-04-26T16:29:29+00:00\" \/>\n<meta property=\"og:image\" content=\"http:\/\/delos-art.com\/wp-content\/uploads\/2018\/10\/cropped-Pieta.jpg\" \/>\n<meta name=\"twitter:card\" content=\"summary_large_image\" \/>\n<meta name=\"twitter:label1\" content=\"Est. reading time\">\n\t<meta name=\"twitter:data1\" content=\"2 minutes\">\n<script type=\"application\/ld+json\" class=\"yoast-schema-graph\">{\"@context\":\"https:\/\/schema.org\",\"@graph\":[{\"@type\":\"WebSite\",\"@id\":\"https:\/\/delos-art.com\/#website\",\"url\":\"https:\/\/delos-art.com\/\",\"name\":\"Delos Art GALLERY\",\"description\":\"DELOS LE PEINTRE DES DIEUX, H\\u00c9ROS ET MYTHOLOGIES\",\"potentialAction\":[{\"@type\":\"SearchAction\",\"target\":\"https:\/\/delos-art.com\/?s={search_term_string}\",\"query-input\":\"required name=search_term_string\"}],\"inLanguage\":\"en-US\"},{\"@type\":\"ImageObject\",\"@id\":\"https:\/\/delos-art.com\/index.php\/pieta-de-delos\/#primaryimage\",\"inLanguage\":\"en-US\",\"url\":\"http:\/\/delos-art.com\/wp-content\/uploads\/2018\/10\/cropped-Pieta.jpg\",\"contentUrl\":\"http:\/\/delos-art.com\/wp-content\/uploads\/2018\/10\/cropped-Pieta.jpg\"},{\"@type\":\"WebPage\",\"@id\":\"https:\/\/delos-art.com\/index.php\/pieta-de-delos\/#webpage\",\"url\":\"https:\/\/delos-art.com\/index.php\/pieta-de-delos\/\",\"name\":\"Pieta de Delos - Delos Art GALLERY\",\"isPartOf\":{\"@id\":\"https:\/\/delos-art.com\/#website\"},\"primaryImageOfPage\":{\"@id\":\"https:\/\/delos-art.com\/index.php\/pieta-de-delos\/#primaryimage\"},\"datePublished\":\"2018-12-21T10:18:15+00:00\",\"dateModified\":\"2021-04-26T16:29:29+00:00\",\"breadcrumb\":{\"@id\":\"https:\/\/delos-art.com\/index.php\/pieta-de-delos\/#breadcrumb\"},\"inLanguage\":\"en-US\",\"potentialAction\":[{\"@type\":\"ReadAction\",\"target\":[\"https:\/\/delos-art.com\/index.php\/pieta-de-delos\/\"]}]},{\"@type\":\"BreadcrumbList\",\"@id\":\"https:\/\/delos-art.com\/index.php\/pieta-de-delos\/#breadcrumb\",\"itemListElement\":[{\"@type\":\"ListItem\",\"position\":1,\"item\":{\"@type\":\"WebPage\",\"@id\":\"https:\/\/delos-art.com\/\",\"url\":\"https:\/\/delos-art.com\/\",\"name\":\"Accueil\"}},{\"@type\":\"ListItem\",\"position\":2,\"item\":{\"@type\":\"WebPage\",\"@id\":\"https:\/\/delos-art.com\/index.php\/pieta-de-delos\/\",\"url\":\"https:\/\/delos-art.com\/index.php\/pieta-de-delos\/\",\"name\":\"Pieta de Delos\"}}]}]}<\/script>\n<!-- \/ Yoast SEO plugin. -->","_links":{"self":[{"href":"https:\/\/delos-art.com\/index.php\/wp-json\/wp\/v2\/pages\/340"}],"collection":[{"href":"https:\/\/delos-art.com\/index.php\/wp-json\/wp\/v2\/pages"}],"about":[{"href":"https:\/\/delos-art.com\/index.php\/wp-json\/wp\/v2\/types\/page"}],"author":[{"embeddable":true,"href":"https:\/\/delos-art.com\/index.php\/wp-json\/wp\/v2\/users\/1"}],"replies":[{"embeddable":true,"href":"https:\/\/delos-art.com\/index.php\/wp-json\/wp\/v2\/comments?post=340"}],"version-history":[{"count":12,"href":"https:\/\/delos-art.com\/index.php\/wp-json\/wp\/v2\/pages\/340\/revisions"}],"predecessor-version":[{"id":468,"href":"https:\/\/delos-art.com\/index.php\/wp-json\/wp\/v2\/pages\/340\/revisions\/468"}],"wp:attachment":[{"href":"https:\/\/delos-art.com\/index.php\/wp-json\/wp\/v2\/media?parent=340"}],"curies":[{"name":"wp","href":"https:\/\/api.w.org\/{rel}","templated":true}]}}