{"id":249,"date":"2018-03-17T13:29:58","date_gmt":"2018-03-17T12:29:58","guid":{"rendered":"http:\/\/delos-art.com\/?page_id=249"},"modified":"2018-03-17T13:56:23","modified_gmt":"2018-03-17T12:56:23","slug":"dios-heroes-y-titanes","status":"publish","type":"page","link":"https:\/\/delos-art.com\/index.php\/es\/dios-heroes-y-titanes\/","title":{"rendered":"Dios Heroes y titanes"},"content":{"rendered":"<p><strong> Dioses, h\u00e9roes y \u00a0Titanes\u00a0<\/strong><\/p>\n<p>Caracterizado por una armon\u00eda s\u00f3lido equilibrio y una ligera idealizaci\u00f3n y no rigurosa, las pinturas de Delos vuelven a visitar de manera singular y atractiva muchos mitos griegos que forman la base de nuestra cultura occidental y el imaginario colectivo.<\/p>\n<p>Su puesta en escena en las pinturas nos devuelve a un &#8220;tiempo intemporal&#8221;, sin un v\u00ednculo real entre el espacio y el tiempo, solo salpicado por algunas referencias a la Grecia antigua.<\/p>\n<p>Estos mitos recreados, que van desde Castor y Pollux Prometeo, Atlas rey Midas o Narcisse \u00cdcaro, Odiseo y Poseid\u00f3n, el mensaje absoluta nacido, pero que sin embargo conserva un teaser, en referencia a los significados m\u00e1s profundo, entretejido con s\u00edmbolos, como en el sugerente &#8220;sue\u00f1o mitol\u00f3gico&#8221;.<\/p>\n<p>Su huella pict\u00f3rica cultura de trabajo se inspira en muchas fuentes, como los pintores del Quattrocento italiano, pero Ingres, Poussin, Rafael, Vermeer, Carra, Magritte y Delvaux.<\/p>\n<p>Los colores fr\u00edos, agudos e incisivos caracter\u00edsticos dan vida a un universo solitario, esencialmente inm\u00f3vil en movimientos cristalizadas, solamente sacudidos por la sensualidad vibrante que emana de ellos de sexo masculino desnudo, musculoso y flexible. Una sensualidad que es el resultado final y refinado del viaje de este viajero inusual en el coraz\u00f3n de la Antig\u00fcedad.<\/p>\n<p>Pero la historia no se detiene all\u00ed. Los mitos Delos preferidos tambi\u00e9n tienen ra\u00edces religiosas, con otros &#8220;dioses&#8221; y otros &#8220;Titans&#8221;: temas hagiogr\u00e1ficos &#8211; como San Sebasti\u00e1n, santo m\u00e1s exaltado por su f\u00edsico en la iconograf\u00eda cristiana &#8211; o de otro tomados del Antiguo Testamento como aquellos relacionados con el tema de la creaci\u00f3n, aqu\u00ed reinterpretados en una dimensi\u00f3n \u00e9pica que destaca el fuerte valor arquet\u00edpico.<\/p>\n<p>Vincenzo Patan\u00e8<\/p>\n<h2><strong> Zeus, el maestro del Olimpo, dios de la tormenta y la lluvia.<br \/>\n<img src=\"https:\/\/img.over-blog-kiwi.com\/1\/53\/15\/24\/20170101\/ob_291f02_poseidon2.jpg\" alt=\"\" \/><\/strong><\/h2>\n<p>Zeus es el s\u00edmbolo de la madurez de la cultura griega. \u00c9l es el dios de los dioses, el dios supremo. Como Hes\u00edodo especific\u00f3, &#8220;El ojo de Zeus lo ve todo, lo sabe todo&#8221;. Desde la cima del Monte Olimpo, Zeus vigila a los humanos y decide su destino. \u00c9l es el dios del cielo que decide el clima meteorol\u00f3gico de acuerdo con su estado de \u00e1nimo y sus caprichos: tormentas el\u00e9ctricas, truenos, rel\u00e1mpagos, lluvia, &#8230;<\/p>\n<p>ZEUS EL DIOS PROTECTOR<\/p>\n<p>Zeus tambi\u00e9n es visto como un dios protector, en primer lugar porque se hizo cargo de su descendencia, a diferencia de sus antepasados. Pero tambi\u00e9n porque sab\u00eda c\u00f3mo &#8220;humanizar&#8221; a las divinidades y as\u00ed fortalecer los v\u00ednculos entre ellas. Aunque es parad\u00f3jico, Hes\u00edodo vio en Zeus, un dios &#8220;para la naturaleza humana&#8221;.<\/p>\n<h2><strong> PROMETHEE\u00a0<\/strong><\/h2>\n<h3>PROMETHE ES UN &#8220;COUSIN&#8221; DE ZEUS. \u00c9L ES EL HIJO DE TIT\u00c1N JAPET, COMO ZEUS ES EL HIJO DE TIT\u00c1N CRONOS.<br \/>\n<img src=\"https:\/\/img.over-blog-kiwi.com\/1\/53\/15\/24\/20170101\/ob_5c1b66_promethee.jpg\" alt=\"\" width=\"600\" \/> Prometheus tiene varios hermanos, Epim\u00e9th\u00e9e que est\u00e1 en contraste con \u00e9l y el incomodo<em>\u00a0por excelencia, Atlas\u00a0Menoetios.<\/em><\/h3>\n<p>A su vez Prometheus se cas\u00f3. El nombre de su esposa tambi\u00e9n var\u00eda seg\u00fan los autores: la mayor\u00eda de las veces es C\u00e9la\u00e9no o Clym\u00e9n\u00e8. Sus hijos son Deucalion, Lycos y Chimaer\u00e9e, a quienes a veces se agregan Aetnaenos, Hellen y Thebe.<\/p>\n<p>Prometeo pasa por haber creado a los primeros hombres, form\u00e1ndolos con arcilla. Pero esta leyenda no aparece en Theogony, donde Prometheus es simplemente el benefactor de la humanidad, no su creador.<\/p>\n<p>Para los hombres que Prometeo hab\u00eda enga\u00f1ado Zeus.<\/p>\n<p>Una primera vez Mecona, durante una solemne sacrificio que hab\u00eda hecho dos unidades de un buey en un lado, que hab\u00eda puesto debajo de la piel a la carne y las entra\u00f1as, que hab\u00eda cubierto el vientre de de los animales; en el otro lado hab\u00eda puesto los huesos despojados de la carne y los cubri\u00f3 con grasa blanca.<\/p>\n<p>Luego le dijo a <a href=\"http:\/\/www.alex-bernardini.fr\/mythology\/Zeus-dieu-olympe.php\"> Zeus <\/a> que eligiera su parte; el resto debe ir a los hombres.<\/p>\n<p>Zeus elige grasa blanca, y cuando descubri\u00f3 que ella estaba ocultando que lo embargaron con gran rencor contra Prometeo y contra los mortales a quienes este truco hab\u00eda favorecido. Entonces, para castigarlos, decidi\u00f3 no despedirlos m\u00e1s.<\/p>\n<p>Entonces Prometeo los rescat\u00f3 de nuevo; rob\u00f3 semillas de fuego <em>y los llev\u00f3 al suelo, escondidos en una varilla de f\u00e9rrula. Otra tradici\u00f3n dice que rob\u00f3 el fuego en la fragua de Hefesto .<\/em><\/p>\n<p>Zeus castig\u00f3 a los mortales y su benefactor contra la primera, pens\u00f3 que les env\u00ede una criatura formado a prop\u00f3sito, Pandora .<\/p>\n<p>En cuanto a Prometeo, lo at\u00f3 con eslabones de acero en el C\u00e1ucaso y envi\u00f3 un \u00e1guila, nacido a Echidna y Typhoon para devorar el h\u00edgado, que siempre renaci\u00f3. Y le jur\u00f3 al Styx que nunca liberara a Prometeo de la roca.<\/p>\n<p>Sin embargo, Heracles (H\u00e9rcules) cuando pas\u00f3 en la regi\u00f3n del C\u00e1ucaso, atravesado por una flecha l \u00e1guila de Prometeo y entreg\u00f3 este.<\/p>\n<p>Zeus feliz de este logro lo que sumado a la gloria de su hijo, no protestar, pero que el juramento debe permanecer en vano, orden\u00f3 a Prometeo a llevar un anillo con el acero de sus cadenas y un trozo de la roca sobre la que se adjunta: como eslabones de acero continu\u00f3 a unirse a Titan su roca<\/p>\n<div class=\"img_rois_Horiz\"><span class=\"cover\"><span class=\"cover\"><br \/>\nEs en este punto que el centauro Chiron accidentalmente herido por una flecha d &#8216; H\u00e9racl\u00e8s y sufriendo sin descanso, deseaba morir. Como era inmortal, ten\u00eda que encontrar a alguien que aceptara su inmortalidad; Prometeo le prest\u00f3 este servicio y se hizo inmortal en su lugar.<\/span><\/span>Zeus liberaci\u00f3n y la inmortalidad aceptado Titan m\u00e1s f\u00e1cilmente que celui- Le hab\u00eda hecho un gran servicio al revelarle un or\u00e1culo muy antiguo seg\u00fan el cual el ni\u00f1o que ten\u00eda de Thetis ser\u00eda m\u00e1s poderoso que \u00e9l y lo destronar\u00eda.Prometeo pose\u00eda dones de adivino. Fue \u00e9l quien le dijo Heracles manera de obtener las manzanas de oro, ense\u00f1\u00e1ndole S\u00f3lo Atlas podr\u00eda recogerlos en el jardin Hesp\u00e9rides .Este don de profec\u00eda era com\u00fan para ella con las deidades muy antiguas de la tierra, que es ella misma la profetisa por excelencia.Fue \u00e9l quien le ense\u00f1\u00f3 a su hijo, Deucali\u00f3n para guardar la gran inundaci\u00f3n que meditar Zeus \u00a0Para aniquilar a la raza humana, que \u00e9l hab\u00eda previsto.<\/div>\n<div class=\"img_rois_Horiz\">\n<div class=\"page\" title=\"P\u00e1gina 20\">\n<div class=\"section\">\n<div class=\"layoutArea\">\n<div class=\"column\">\n<div class=\"layoutArea\">\n<div class=\"column\">\n<div class=\"page\" title=\"P\u00e1gina 22\">\n<div class=\"section\">\n<div class=\"layoutArea\">\n<div class=\"column\">\n<p>&nbsp;<\/p>\n<h1><strong>Castor y Pollux<\/strong><\/h1>\n<p>Castor y Pollux son hermanos gemelos de la uni\u00f3n de Leda y Zeus y Leda y Tyndare. Son el s\u00edmbolo del amor fraternal y la fuerza de la uni\u00f3n y el gemelo.<\/p>\n<p><img loading=\"lazy\" class=\"alignnone size-full wp-image-124\" src=\"http:\/\/delos-art.com\/wp-content\/uploads\/2017\/12\/Castorpolux.jpg\" alt=\"\" width=\"1463\" height=\"2926\" srcset=\"https:\/\/delos-art.com\/wp-content\/uploads\/2017\/12\/Castorpolux.jpg 1463w, https:\/\/delos-art.com\/wp-content\/uploads\/2017\/12\/Castorpolux-150x300.jpg 150w, https:\/\/delos-art.com\/wp-content\/uploads\/2017\/12\/Castorpolux-768x1536.jpg 768w, https:\/\/delos-art.com\/wp-content\/uploads\/2017\/12\/Castorpolux-512x1024.jpg 512w\" sizes=\"(max-width: 706px) 89vw, (max-width: 767px) 82vw, 740px\" \/><\/p>\n<p>C\u00e1stor y P\u00f3lux, deportistas y guerreros, tambi\u00e9n llamados Dioscures (&#8220;Hijo de Dios&#8221;), se ilustran en muchas aventuras m\u00edticas. Se unieron al legendario equipo de Argo, junto a Jason y los Argonautas, en una expedici\u00f3n para llevar el Vellocino de Oro nuevamente al Rey Pelias.<\/p>\n<p>Invitado a la participaci\u00f3n y Telaira Phoebe, hijas de Leucipo su t\u00edo, Castor y Pollux se enamoraron de dos ni\u00f1as y los llevaron a Esparta sin pensar en las consecuencias de sus acciones. Furiosas, las prometidas, Idas y Lync\u00e9e, lucharon con Castor y Pollux.<\/p>\n<p>Idas derrota fatalmente a Castor mientras Pollux neutraliza a Lync\u00e9e. Zeus acude en ayuda de su hijo y Lightning Idas, pero ya es demasiado tarde Castor agoniza &#8230;<\/p>\n<p>Aplastado por esta tragedia, Pollux suplica a su padre Zeus que Castor, un simple mortal, escape del infierno.<br \/>\nZeus acepta que Castor y Pollux son alternativamente inmortales. Los dos hermanos pasar\u00e1n alternativamente seis meses en la tierra y seis meses en el infierno.<\/p>\n<p>Transportado al cielo, Castor y Pollux se convirti\u00f3 en la constelaci\u00f3n de G\u00e9minis y por lo tanto encarnan una visi\u00f3n c\u00edclica del tiempo, las dos estrellas m\u00e1s brillantes de la constelaci\u00f3n alternativamente de uno a otro, como Castor y Pollux alterna permanece en el Inframundo y en el Olimpo, el mortal y el inmortal. Y entonces nos urge a considerar, en caso de que hayamos olvidado, qu\u00e9 fundamenta nuestra naturaleza humana: su parte mortal, la personalidad y su parte inmortal, el alma. A nivel colectivo y global, nos lleva a distinguir la verdad de la falsedad, el derecho de los injustos, el bien del todo y el bien de todos, lo que est\u00e1 vivo y lo que est\u00e1 muerto, etc.<\/p>\n<div class=\"page\" title=\"P\u00e1gina 23\"><\/div>\n<\/div>\n<\/div>\n<h1><b>ICARO<\/b><\/h1>\n<div class=\"page\" title=\"Page 20\">\n<div class=\"section\">\n<div class=\"layoutArea\">\n<div class=\"column\">\n<p>Le dio besos a su hijo que no ten\u00eda que renovar, luego se levant\u00f3 con las alas, se fue primero, ansioso por su compa\u00f1ero, como el p\u00e1jaro que acaba de atrapar desde la parte superior de su nido. en su tierna cr\u00eda, su vuelo en el aire. \u00c9l la anima a seguirlo y le presenta su arte peligroso; \u00e9l mismo mueve sus propias alas, sus ojos fijos detr\u00e1s de \u00e9l, en los de su hijo.<\/p>\n<p>Y ya a la izquierda hab\u00eda quedado Samos, la isla de Juno, Delos y Paros; a su derecha estaban Lehinthos y Calymne con abundante miel, cuando se tom\u00f3 el placer de este audaz vuelo, abandon\u00f3 su gu\u00eda y, cediendo al deseo de acercarse al cielo, ascendi\u00f3 m\u00e1s. La cercan\u00eda del sol devorador suavizaba la fragante cera que sosten\u00eda las plumas. La cera se derriti\u00f3, el ni\u00f1o solo agita sus brazos desnudos, y ahora que no tiene ning\u00fan medio de dividir el espacio, ya no tiene ning\u00fan soporte en el aire; y su boca todav\u00eda gritaba el nombre de su padre, se trag\u00f3 agua cer\u00falea; de \u00e9l sac\u00f3 su nombre.<\/p>\n<\/div>\n<\/div>\n<div class=\"layoutArea\">\n<div class=\"column\">\n<p>Les m\u00e9tamorphoses \u2013 Livre VIII . Ovide<\/p>\n<\/div>\n<\/div>\n<\/div>\n<\/div>\n<p><img loading=\"lazy\" class=\"alignnone size-full wp-image-122\" src=\"http:\/\/delos-art.com\/wp-content\/uploads\/2017\/12\/Icare.jpg\" alt=\"\" width=\"1854\" height=\"2629\" srcset=\"https:\/\/delos-art.com\/wp-content\/uploads\/2017\/12\/Icare.jpg 1854w, https:\/\/delos-art.com\/wp-content\/uploads\/2017\/12\/Icare-212x300.jpg 212w, https:\/\/delos-art.com\/wp-content\/uploads\/2017\/12\/Icare-768x1089.jpg 768w, https:\/\/delos-art.com\/wp-content\/uploads\/2017\/12\/Icare-722x1024.jpg 722w\" sizes=\"(max-width: 706px) 89vw, (max-width: 767px) 82vw, 740px\" \/><\/p>\n<div class=\"page\" title=\"Page 22\">\n<div class=\"section\">\n<div class=\"layoutArea\">\n<div class=\"column\">\n<h1><strong>Poseid\u00f3n<\/strong><\/h1>\n<p>Poseid\u00f3n era el dios del mar y los oc\u00e9anos furiosos, hermano de Zeus y Hades. Su s\u00edmbolo principal es el tridente, que recibe de los C\u00edclopes.<\/p>\n<p><img loading=\"lazy\" class=\"alignnone size-full wp-image-123\" src=\"http:\/\/delos-art.com\/wp-content\/uploads\/2017\/12\/poseidon.jpg\" alt=\"\" width=\"1240\" height=\"2488\" srcset=\"https:\/\/delos-art.com\/wp-content\/uploads\/2017\/12\/poseidon.jpg 1240w, https:\/\/delos-art.com\/wp-content\/uploads\/2017\/12\/poseidon-150x300.jpg 150w, https:\/\/delos-art.com\/wp-content\/uploads\/2017\/12\/poseidon-768x1541.jpg 768w, https:\/\/delos-art.com\/wp-content\/uploads\/2017\/12\/poseidon-510x1024.jpg 510w\" sizes=\"(max-width: 706px) 89vw, (max-width: 767px) 82vw, 740px\" \/><\/p>\n<div class=\"page\" title=\"Page 23\">\n<div class=\"section\">\n<div class=\"layoutArea\">\n<div class=\"column\">\n<p>&nbsp;<\/p>\n<p>&nbsp;<\/p>\n<div class=\"page\" title=\"Page 23\">\n<div class=\"section\">\n<div class=\"layoutArea\">\n<div class=\"column\">\n<h2><strong>Atlas sosteniendo el mundo<\/strong><\/h2>\n<p><img loading=\"lazy\" class=\"alignnone size-full wp-image-125\" src=\"http:\/\/delos-art.com\/wp-content\/uploads\/2017\/12\/Titan.jpg\" alt=\"\" width=\"2010\" height=\"2814\" srcset=\"https:\/\/delos-art.com\/wp-content\/uploads\/2017\/12\/Titan.jpg 2010w, https:\/\/delos-art.com\/wp-content\/uploads\/2017\/12\/Titan-214x300.jpg 214w, https:\/\/delos-art.com\/wp-content\/uploads\/2017\/12\/Titan-768x1075.jpg 768w, https:\/\/delos-art.com\/wp-content\/uploads\/2017\/12\/Titan-731x1024.jpg 731w\" sizes=\"(max-width: 706px) 89vw, (max-width: 767px) 82vw, 740px\" \/><\/p>\n<h1><strong>Spartacus\u00a0<\/strong><\/h1>\n<p><a href=\"http:\/\/delos-art.com\/wp-content\/uploads\/2017\/12\/Spartacus.jpg\"><img loading=\"lazy\" class=\"alignnone size-full wp-image-146\" src=\"http:\/\/delos-art.com\/wp-content\/uploads\/2017\/12\/Spartacus.jpg\" alt=\"\" width=\"1496\" height=\"3020\" srcset=\"https:\/\/delos-art.com\/wp-content\/uploads\/2017\/12\/Spartacus.jpg 1496w, https:\/\/delos-art.com\/wp-content\/uploads\/2017\/12\/Spartacus-149x300.jpg 149w, https:\/\/delos-art.com\/wp-content\/uploads\/2017\/12\/Spartacus-768x1550.jpg 768w, https:\/\/delos-art.com\/wp-content\/uploads\/2017\/12\/Spartacus-507x1024.jpg 507w\" sizes=\"(max-width: 706px) 89vw, (max-width: 767px) 82vw, 740px\" \/><\/a><\/p>\n<h1 class=\"page\" title=\"Page 12\"><strong>Nestor , rey\u00a0\u00a0de Pylos<\/strong><\/h1>\n<table style=\"height: 570px;\" width=\"585\">\n<colgroup>\n<col \/>\n<col \/> <\/colgroup>\n<tbody>\n<tr>\n<td><\/td>\n<td>\n<div class=\"layoutArea\">\n<div class=\"column\">\n<p><a href=\"http:\/\/delos-art.com\/wp-content\/uploads\/2017\/12\/Nestor.jpg\"><img loading=\"lazy\" class=\"alignnone size-full wp-image-148\" src=\"http:\/\/delos-art.com\/wp-content\/uploads\/2017\/12\/Nestor.jpg\" alt=\"\" width=\"1972\" height=\"3368\" srcset=\"https:\/\/delos-art.com\/wp-content\/uploads\/2017\/12\/Nestor.jpg 1972w, https:\/\/delos-art.com\/wp-content\/uploads\/2017\/12\/Nestor-176x300.jpg 176w, https:\/\/delos-art.com\/wp-content\/uploads\/2017\/12\/Nestor-768x1312.jpg 768w, https:\/\/delos-art.com\/wp-content\/uploads\/2017\/12\/Nestor-600x1024.jpg 600w\" sizes=\"(max-width: 706px) 89vw, (max-width: 767px) 82vw, 740px\" \/><\/a><\/p>\n<p>&nbsp;<\/p>\n<\/div>\n<\/div>\n<div class=\"layoutArea\">\n<div class=\"column\">\n<p>Hijo de N\u00e9l\u00e9e, es uno de los guerreros m\u00e1s m\u00edticos de toda la historia griega, porque N\u00e9stor (&#8220;salvador&#8221;) particip\u00f3 en muchas expediciones: contra los Centauros, con los Argonautas por el Vellocino de Oro y finalmente en la Guerra. Troyano De hecho, durante esta \u00faltima pelea, trajo su ciencia de la lucha.<\/p>\n<\/div>\n<\/div>\n<div class=\"layoutArea\">\n<h1 class=\"page\" title=\"Page 12\"><strong>Filoctetes<\/strong><\/h1>\n<\/div>\n<\/td>\n<\/tr>\n<tr>\n<td><\/td>\n<td>\n<div class=\"layoutArea\">\n<div class=\"column\">\n<p><a href=\"http:\/\/delos-art.com\/wp-content\/uploads\/2017\/12\/philoctete.jpg\"><img loading=\"lazy\" class=\"alignnone size-full wp-image-149\" src=\"http:\/\/delos-art.com\/wp-content\/uploads\/2017\/12\/philoctete.jpg\" alt=\"\" width=\"1469\" height=\"2899\" srcset=\"https:\/\/delos-art.com\/wp-content\/uploads\/2017\/12\/philoctete.jpg 1469w, https:\/\/delos-art.com\/wp-content\/uploads\/2017\/12\/philoctete-152x300.jpg 152w, https:\/\/delos-art.com\/wp-content\/uploads\/2017\/12\/philoctete-768x1516.jpg 768w, https:\/\/delos-art.com\/wp-content\/uploads\/2017\/12\/philoctete-519x1024.jpg 519w\" sizes=\"(max-width: 706px) 89vw, (max-width: 767px) 82vw, 740px\" \/><\/a><\/p>\n<p>Amigo de H\u00e9rcules, este le hab\u00eda dejado sus flechas y su arco. Durante la expedici\u00f3n a Troya, una serpiente lo mordi\u00f3 en una parada en la isla de Lemnos. Su herida emiti\u00f3 un olor insoportable y sus compa\u00f1eros decidieron abandonarlo en el acto. Durante la Guerra de Troya, un or\u00e1culo revel\u00f3 a los griegos que no pod\u00edan ganar sin las flechas de H\u00e9rcules. As\u00ed Ulises y Neopt\u00f3lemo (el hijo de Aquiles) fueron a buscarlo. Curado, acompa\u00f1\u00f3 a los griegos a Troya y adem\u00e1s fue \u00e9l quien mat\u00f3 a Paris Alexandre con una flecha disparada desde la proa de su amigo. Al regresar de Troya, muri\u00f3 en las laderas del Monte Ida de &#8220;Gerenian&#8221;.<\/p>\n<\/div>\n<\/div>\n<\/td>\n<\/tr>\n<\/tbody>\n<\/table>\n<p>&nbsp;<\/p>\n<p>&nbsp;<\/p>\n<p>Adan : Y Dios creo Adan<\/p>\n<p><a href=\"http:\/\/delos-art.com\/wp-content\/uploads\/2017\/12\/ADAM.jpg\"><img loading=\"lazy\" class=\"alignnone size-full wp-image-147\" src=\"http:\/\/delos-art.com\/wp-content\/uploads\/2017\/12\/ADAM.jpg\" alt=\"\" width=\"2960\" height=\"2105\" srcset=\"https:\/\/delos-art.com\/wp-content\/uploads\/2017\/12\/ADAM.jpg 2960w, https:\/\/delos-art.com\/wp-content\/uploads\/2017\/12\/ADAM-300x213.jpg 300w, https:\/\/delos-art.com\/wp-content\/uploads\/2017\/12\/ADAM-768x546.jpg 768w, https:\/\/delos-art.com\/wp-content\/uploads\/2017\/12\/ADAM-1024x728.jpg 1024w\" sizes=\"(max-width: 706px) 89vw, (max-width: 767px) 82vw, 740px\" \/><\/a><\/p>\n<\/div>\n<\/div>\n<\/div>\n<\/div>\n<\/div>\n<\/div>\n<\/div>\n<\/div>\n<\/div>\n<\/div>\n<\/div>\n<\/div>\n<\/div>\n<\/div>\n<\/div>\n<\/div>\n<\/div>\n<\/div>\n<\/div>\n<\/div>\n<\/div>\n","protected":false},"excerpt":{"rendered":"<p>Dioses, h\u00e9roes y \u00a0Titanes\u00a0 Caracterizado por una armon\u00eda s\u00f3lido equilibrio y una ligera idealizaci\u00f3n y no rigurosa, las pinturas de Delos vuelven a visitar de manera singular y atractiva muchos mitos griegos que forman la base de nuestra cultura occidental y el imaginario colectivo. Su puesta en escena en las pinturas nos devuelve a un &hellip; <\/p>\n<p class=\"link-more\"><a href=\"https:\/\/delos-art.com\/index.php\/es\/dios-heroes-y-titanes\/\" class=\"more-link\">Continue reading<span class=\"screen-reader-text\"> &#8220;Dios Heroes y titanes&#8221;<\/span><\/a><\/p>\n","protected":false},"author":1,"featured_media":0,"parent":0,"menu_order":0,"comment_status":"closed","ping_status":"closed","template":"","meta":[],"yoast_head":"<!-- This site is optimized with the Yoast SEO plugin v16.1.1 - https:\/\/yoast.com\/wordpress\/plugins\/seo\/ -->\n<title>Dios Heroes y titanes - Delos Art GALLERY<\/title>\n<link rel=\"canonical\" href=\"https:\/\/delos-art.com\/index.php\/es\/dios-heroes-y-titanes\/\" \/>\n<meta property=\"og:locale\" content=\"en_US\" \/>\n<meta property=\"og:type\" content=\"article\" \/>\n<meta property=\"og:title\" content=\"Dios Heroes y titanes - Delos Art GALLERY\" \/>\n<meta property=\"og:description\" content=\"Dioses, h\u00e9roes y \u00a0Titanes\u00a0 Caracterizado por una armon\u00eda s\u00f3lido equilibrio y una ligera idealizaci\u00f3n y no rigurosa, las pinturas de Delos vuelven a visitar de manera singular y atractiva muchos mitos griegos que forman la base de nuestra cultura occidental y el imaginario colectivo. Su puesta en escena en las pinturas nos devuelve a un &hellip; Continue reading &quot;Dios Heroes y titanes&quot;\" \/>\n<meta property=\"og:url\" content=\"https:\/\/delos-art.com\/index.php\/es\/dios-heroes-y-titanes\/\" \/>\n<meta property=\"og:site_name\" content=\"Delos Art GALLERY\" \/>\n<meta property=\"article:modified_time\" content=\"2018-03-17T12:56:23+00:00\" \/>\n<meta property=\"og:image\" content=\"https:\/\/img.over-blog-kiwi.com\/1\/53\/15\/24\/20170101\/ob_291f02_poseidon2.jpg\" \/>\n<meta name=\"twitter:card\" content=\"summary_large_image\" \/>\n<meta name=\"twitter:label1\" content=\"Est. reading time\">\n\t<meta name=\"twitter:data1\" content=\"9 minutes\">\n<script type=\"application\/ld+json\" class=\"yoast-schema-graph\">{\"@context\":\"https:\/\/schema.org\",\"@graph\":[{\"@type\":\"WebSite\",\"@id\":\"https:\/\/delos-art.com\/#website\",\"url\":\"https:\/\/delos-art.com\/\",\"name\":\"Delos Art GALLERY\",\"description\":\"DELOS LE PEINTRE DES DIEUX, H\\u00c9ROS ET MYTHOLOGIES\",\"potentialAction\":[{\"@type\":\"SearchAction\",\"target\":\"https:\/\/delos-art.com\/?s={search_term_string}\",\"query-input\":\"required name=search_term_string\"}],\"inLanguage\":\"en-US\"},{\"@type\":\"ImageObject\",\"@id\":\"https:\/\/delos-art.com\/index.php\/es\/dios-heroes-y-titanes\/#primaryimage\",\"inLanguage\":\"en-US\",\"url\":\"https:\/\/img.over-blog-kiwi.com\/1\/53\/15\/24\/20170101\/ob_291f02_poseidon2.jpg\",\"contentUrl\":\"https:\/\/img.over-blog-kiwi.com\/1\/53\/15\/24\/20170101\/ob_291f02_poseidon2.jpg\"},{\"@type\":\"WebPage\",\"@id\":\"https:\/\/delos-art.com\/index.php\/es\/dios-heroes-y-titanes\/#webpage\",\"url\":\"https:\/\/delos-art.com\/index.php\/es\/dios-heroes-y-titanes\/\",\"name\":\"Dios Heroes y titanes - Delos Art GALLERY\",\"isPartOf\":{\"@id\":\"https:\/\/delos-art.com\/#website\"},\"primaryImageOfPage\":{\"@id\":\"https:\/\/delos-art.com\/index.php\/es\/dios-heroes-y-titanes\/#primaryimage\"},\"datePublished\":\"2018-03-17T12:29:58+00:00\",\"dateModified\":\"2018-03-17T12:56:23+00:00\",\"breadcrumb\":{\"@id\":\"https:\/\/delos-art.com\/index.php\/es\/dios-heroes-y-titanes\/#breadcrumb\"},\"inLanguage\":\"en-US\",\"potentialAction\":[{\"@type\":\"ReadAction\",\"target\":[\"https:\/\/delos-art.com\/index.php\/es\/dios-heroes-y-titanes\/\"]}]},{\"@type\":\"BreadcrumbList\",\"@id\":\"https:\/\/delos-art.com\/index.php\/es\/dios-heroes-y-titanes\/#breadcrumb\",\"itemListElement\":[{\"@type\":\"ListItem\",\"position\":1,\"item\":{\"@type\":\"WebPage\",\"@id\":\"https:\/\/delos-art.com\/\",\"url\":\"https:\/\/delos-art.com\/\",\"name\":\"Accueil\"}},{\"@type\":\"ListItem\",\"position\":2,\"item\":{\"@type\":\"WebPage\",\"@id\":\"https:\/\/delos-art.com\/index.php\/es\/dios-heroes-y-titanes\/\",\"url\":\"https:\/\/delos-art.com\/index.php\/es\/dios-heroes-y-titanes\/\",\"name\":\"Dios Heroes y titanes\"}}]}]}<\/script>\n<!-- \/ Yoast SEO plugin. -->","_links":{"self":[{"href":"https:\/\/delos-art.com\/index.php\/wp-json\/wp\/v2\/pages\/249"}],"collection":[{"href":"https:\/\/delos-art.com\/index.php\/wp-json\/wp\/v2\/pages"}],"about":[{"href":"https:\/\/delos-art.com\/index.php\/wp-json\/wp\/v2\/types\/page"}],"author":[{"embeddable":true,"href":"https:\/\/delos-art.com\/index.php\/wp-json\/wp\/v2\/users\/1"}],"replies":[{"embeddable":true,"href":"https:\/\/delos-art.com\/index.php\/wp-json\/wp\/v2\/comments?post=249"}],"version-history":[{"count":8,"href":"https:\/\/delos-art.com\/index.php\/wp-json\/wp\/v2\/pages\/249\/revisions"}],"predecessor-version":[{"id":264,"href":"https:\/\/delos-art.com\/index.php\/wp-json\/wp\/v2\/pages\/249\/revisions\/264"}],"wp:attachment":[{"href":"https:\/\/delos-art.com\/index.php\/wp-json\/wp\/v2\/media?parent=249"}],"curies":[{"name":"wp","href":"https:\/\/api.w.org\/{rel}","templated":true}]}}