{"id":178,"date":"2017-12-25T10:11:33","date_gmt":"2017-12-25T09:11:33","guid":{"rendered":"http:\/\/delos-art.com\/?page_id=178"},"modified":"2018-03-16T13:43:01","modified_gmt":"2018-03-16T12:43:01","slug":"mentions-legales","status":"publish","type":"page","link":"https:\/\/delos-art.com\/index.php\/mentions-legales\/","title":{"rendered":"Mentions l\u00e9gales"},"content":{"rendered":"<p>Ce site est la propri\u00e9t\u00e9 de l&#8217;artiste DELOS ,\u00a0 nom d &#8216;artiste de Fr\u00e9d\u00e9ric DESCLOS, r\u00e9sidant au 6 Place du Bourg &#8211; 45290 &#8211; Pressigny les Pins.<\/p>\n<p>Le site est h\u00e9berg\u00e9 chez OVH :<\/p>\n<div class=\"marginTop20\">SAS au capital de 10 069 020 \u20ac<br \/>\nRCS Lille M\u00e9tropole 424 761 419 00045<br \/>\nCode APE 2620Z<br \/>\nN\u00b0 TVA : FR 22 424 761 419<br \/>\nSi\u00e8ge social : 2 rue Kellermann &#8211; 59100 Roubaix &#8211; France<\/div>\n","protected":false},"excerpt":{"rendered":"<p>Ce site est la propri\u00e9t\u00e9 de l&#8217;artiste DELOS ,\u00a0 nom d &#8216;artiste de Fr\u00e9d\u00e9ric DESCLOS, r\u00e9sidant au 6 Place du Bourg &#8211; 45290 &#8211; Pressigny les Pins. Le site est h\u00e9berg\u00e9 chez OVH : SAS au capital de 10 069 020 \u20ac RCS Lille M\u00e9tropole 424 761 419 00045 Code APE 2620Z N\u00b0 TVA : &hellip; <\/p>\n<p class=\"link-more\"><a href=\"https:\/\/delos-art.com\/index.php\/mentions-legales\/\" class=\"more-link\">Continue reading<span class=\"screen-reader-text\"> &#8220;Mentions l\u00e9gales&#8221;<\/span><\/a><\/p>\n","protected":false},"author":1,"featured_media":0,"parent":0,"menu_order":0,"comment_status":"closed","ping_status":"closed","template":"","meta":[],"yoast_head":"<!-- This site is optimized with the Yoast SEO plugin v16.1.1 - https:\/\/yoast.com\/wordpress\/plugins\/seo\/ -->\n<title>Mentions l\u00e9gales - Delos Art GALLERY<\/title>\n<link rel=\"canonical\" href=\"https:\/\/delos-art.com\/index.php\/mentions-legales\/\" \/>\n<meta property=\"og:locale\" content=\"en_US\" \/>\n<meta property=\"og:type\" content=\"article\" \/>\n<meta property=\"og:title\" content=\"Mentions l\u00e9gales - Delos Art GALLERY\" \/>\n<meta property=\"og:description\" content=\"Ce site est la propri\u00e9t\u00e9 de l&#8217;artiste DELOS ,\u00a0 nom d &#8216;artiste de Fr\u00e9d\u00e9ric DESCLOS, r\u00e9sidant au 6 Place du Bourg &#8211; 45290 &#8211; Pressigny les Pins. Le site est h\u00e9berg\u00e9 chez OVH : SAS au capital de 10 069 020 \u20ac RCS Lille M\u00e9tropole 424 761 419 00045 Code APE 2620Z N\u00b0 TVA : &hellip; Continue reading &quot;Mentions l\u00e9gales&quot;\" \/>\n<meta property=\"og:url\" content=\"https:\/\/delos-art.com\/index.php\/mentions-legales\/\" \/>\n<meta property=\"og:site_name\" content=\"Delos Art GALLERY\" \/>\n<meta property=\"article:modified_time\" content=\"2018-03-16T12:43:01+00:00\" \/>\n<meta name=\"twitter:card\" content=\"summary_large_image\" \/>\n<script type=\"application\/ld+json\" class=\"yoast-schema-graph\">{\"@context\":\"https:\/\/schema.org\",\"@graph\":[{\"@type\":\"WebSite\",\"@id\":\"https:\/\/delos-art.com\/#website\",\"url\":\"https:\/\/delos-art.com\/\",\"name\":\"Delos Art GALLERY\",\"description\":\"DELOS LE PEINTRE DES DIEUX, H\\u00c9ROS ET MYTHOLOGIES\",\"potentialAction\":[{\"@type\":\"SearchAction\",\"target\":\"https:\/\/delos-art.com\/?s={search_term_string}\",\"query-input\":\"required name=search_term_string\"}],\"inLanguage\":\"en-US\"},{\"@type\":\"WebPage\",\"@id\":\"https:\/\/delos-art.com\/index.php\/mentions-legales\/#webpage\",\"url\":\"https:\/\/delos-art.com\/index.php\/mentions-legales\/\",\"name\":\"Mentions l\\u00e9gales - Delos Art GALLERY\",\"isPartOf\":{\"@id\":\"https:\/\/delos-art.com\/#website\"},\"datePublished\":\"2017-12-25T09:11:33+00:00\",\"dateModified\":\"2018-03-16T12:43:01+00:00\",\"breadcrumb\":{\"@id\":\"https:\/\/delos-art.com\/index.php\/mentions-legales\/#breadcrumb\"},\"inLanguage\":\"en-US\",\"potentialAction\":[{\"@type\":\"ReadAction\",\"target\":[\"https:\/\/delos-art.com\/index.php\/mentions-legales\/\"]}]},{\"@type\":\"BreadcrumbList\",\"@id\":\"https:\/\/delos-art.com\/index.php\/mentions-legales\/#breadcrumb\",\"itemListElement\":[{\"@type\":\"ListItem\",\"position\":1,\"item\":{\"@type\":\"WebPage\",\"@id\":\"https:\/\/delos-art.com\/\",\"url\":\"https:\/\/delos-art.com\/\",\"name\":\"Accueil\"}},{\"@type\":\"ListItem\",\"position\":2,\"item\":{\"@type\":\"WebPage\",\"@id\":\"https:\/\/delos-art.com\/index.php\/mentions-legales\/\",\"url\":\"https:\/\/delos-art.com\/index.php\/mentions-legales\/\",\"name\":\"Mentions l\\u00e9gales\"}}]}]}<\/script>\n<!-- \/ Yoast SEO plugin. -->","_links":{"self":[{"href":"https:\/\/delos-art.com\/index.php\/wp-json\/wp\/v2\/pages\/178"}],"collection":[{"href":"https:\/\/delos-art.com\/index.php\/wp-json\/wp\/v2\/pages"}],"about":[{"href":"https:\/\/delos-art.com\/index.php\/wp-json\/wp\/v2\/types\/page"}],"author":[{"embeddable":true,"href":"https:\/\/delos-art.com\/index.php\/wp-json\/wp\/v2\/users\/1"}],"replies":[{"embeddable":true,"href":"https:\/\/delos-art.com\/index.php\/wp-json\/wp\/v2\/comments?post=178"}],"version-history":[{"count":1,"href":"https:\/\/delos-art.com\/index.php\/wp-json\/wp\/v2\/pages\/178\/revisions"}],"predecessor-version":[{"id":179,"href":"https:\/\/delos-art.com\/index.php\/wp-json\/wp\/v2\/pages\/178\/revisions\/179"}],"wp:attachment":[{"href":"https:\/\/delos-art.com\/index.php\/wp-json\/wp\/v2\/media?parent=178"}],"curies":[{"name":"wp","href":"https:\/\/api.w.org\/{rel}","templated":true}]}}