{"id":163,"date":"2017-12-16T15:01:24","date_gmt":"2017-12-16T14:01:24","guid":{"rendered":"http:\/\/delos-art.com\/?page_id=163"},"modified":"2023-09-22T12:56:52","modified_gmt":"2023-09-22T10:56:52","slug":"delos-le-peintre-des-dieux","status":"publish","type":"page","link":"https:\/\/delos-art.com\/","title":{"rendered":"Fr\u00e9d\u00e9ric DELOS  LE PEINTRE DES DIEUX, H\u00c9ROS ET MYTHOLOGIES"},"content":{"rendered":"\n<p><strong>EXPOSITION DE VENISE : GIUDECCA ART SPACE  &#8211; Aout 2023<\/strong><\/p>\n\n\n\n<figure class=\"wp-block-gallery columns-3 is-cropped\"><ul class=\"blocks-gallery-grid\"><li class=\"blocks-gallery-item\"><figure><img loading=\"lazy\" width=\"724\" height=\"1024\" src=\"https:\/\/delos-art.com\/wp-content\/uploads\/2023\/09\/affiche-venise-2-724x1024.jpg\" alt=\"\" data-id=\"653\" data-full-url=\"https:\/\/delos-art.com\/wp-content\/uploads\/2023\/09\/affiche-venise-2-scaled.jpg\" data-link=\"https:\/\/delos-art.com\/index.php\/delos-le-peintre-des-dieux\/affiche-venise-2-2\/\" class=\"wp-image-653\" srcset=\"https:\/\/delos-art.com\/wp-content\/uploads\/2023\/09\/affiche-venise-2-724x1024.jpg 724w, https:\/\/delos-art.com\/wp-content\/uploads\/2023\/09\/affiche-venise-2-212x300.jpg 212w, https:\/\/delos-art.com\/wp-content\/uploads\/2023\/09\/affiche-venise-2-768x1086.jpg 768w, https:\/\/delos-art.com\/wp-content\/uploads\/2023\/09\/affiche-venise-2-1086x1536.jpg 1086w, https:\/\/delos-art.com\/wp-content\/uploads\/2023\/09\/affiche-venise-2-1448x2048.jpg 1448w, https:\/\/delos-art.com\/wp-content\/uploads\/2023\/09\/affiche-venise-2-350x495.jpg 350w, https:\/\/delos-art.com\/wp-content\/uploads\/2023\/09\/affiche-venise-2-scaled.jpg 1810w\" sizes=\"(max-width: 724px) 100vw, 724px\" \/><\/figure><\/li><li class=\"blocks-gallery-item\"><figure><img loading=\"lazy\" width=\"600\" height=\"1024\" src=\"https:\/\/delos-art.com\/wp-content\/uploads\/2023\/09\/32a77537-906e-4a32-958d-b1cc25d6f217-3-600x1024.jpg\" alt=\"\" data-id=\"654\" data-full-url=\"https:\/\/delos-art.com\/wp-content\/uploads\/2023\/09\/32a77537-906e-4a32-958d-b1cc25d6f217-3.jpg\" data-link=\"https:\/\/delos-art.com\/index.php\/delos-le-peintre-des-dieux\/32a77537-906e-4a32-958d-b1cc25d6f217-3\/\" class=\"wp-image-654\" srcset=\"https:\/\/delos-art.com\/wp-content\/uploads\/2023\/09\/32a77537-906e-4a32-958d-b1cc25d6f217-3-600x1024.jpg 600w, https:\/\/delos-art.com\/wp-content\/uploads\/2023\/09\/32a77537-906e-4a32-958d-b1cc25d6f217-3-176x300.jpg 176w, https:\/\/delos-art.com\/wp-content\/uploads\/2023\/09\/32a77537-906e-4a32-958d-b1cc25d6f217-3-768x1311.jpg 768w, https:\/\/delos-art.com\/wp-content\/uploads\/2023\/09\/32a77537-906e-4a32-958d-b1cc25d6f217-3-900x1536.jpg 900w, https:\/\/delos-art.com\/wp-content\/uploads\/2023\/09\/32a77537-906e-4a32-958d-b1cc25d6f217-3-350x598.jpg 350w, https:\/\/delos-art.com\/wp-content\/uploads\/2023\/09\/32a77537-906e-4a32-958d-b1cc25d6f217-3.jpg 1199w\" sizes=\"(max-width: 600px) 100vw, 600px\" \/><\/figure><\/li><li class=\"blocks-gallery-item\"><figure><img loading=\"lazy\" width=\"585\" height=\"1024\" src=\"https:\/\/delos-art.com\/wp-content\/uploads\/2023\/09\/IMG_7608-5-585x1024.jpeg\" alt=\"\" data-id=\"655\" data-full-url=\"https:\/\/delos-art.com\/wp-content\/uploads\/2023\/09\/IMG_7608-5-scaled.jpeg\" data-link=\"https:\/\/delos-art.com\/index.php\/delos-le-peintre-des-dieux\/img_7608-5\/\" class=\"wp-image-655\" srcset=\"https:\/\/delos-art.com\/wp-content\/uploads\/2023\/09\/IMG_7608-5-585x1024.jpeg 585w, https:\/\/delos-art.com\/wp-content\/uploads\/2023\/09\/IMG_7608-5-171x300.jpeg 171w, https:\/\/delos-art.com\/wp-content\/uploads\/2023\/09\/IMG_7608-5-768x1345.jpeg 768w, https:\/\/delos-art.com\/wp-content\/uploads\/2023\/09\/IMG_7608-5-877x1536.jpeg 877w, https:\/\/delos-art.com\/wp-content\/uploads\/2023\/09\/IMG_7608-5-1169x2048.jpeg 1169w, https:\/\/delos-art.com\/wp-content\/uploads\/2023\/09\/IMG_7608-5-350x613.jpeg 350w, https:\/\/delos-art.com\/wp-content\/uploads\/2023\/09\/IMG_7608-5-scaled.jpeg 1462w\" sizes=\"(max-width: 585px) 100vw, 585px\" \/><\/figure><\/li><li class=\"blocks-gallery-item\"><figure><img loading=\"lazy\" width=\"1024\" height=\"768\" src=\"https:\/\/delos-art.com\/wp-content\/uploads\/2023\/09\/26f62421-fab2-4210-aa08-6e9ff2cdeca2-5-1024x768.jpg\" alt=\"\" data-id=\"656\" data-full-url=\"https:\/\/delos-art.com\/wp-content\/uploads\/2023\/09\/26f62421-fab2-4210-aa08-6e9ff2cdeca2-5.jpg\" data-link=\"https:\/\/delos-art.com\/index.php\/delos-le-peintre-des-dieux\/26f62421-fab2-4210-aa08-6e9ff2cdeca2-5\/\" class=\"wp-image-656\" srcset=\"https:\/\/delos-art.com\/wp-content\/uploads\/2023\/09\/26f62421-fab2-4210-aa08-6e9ff2cdeca2-5-1024x768.jpg 1024w, https:\/\/delos-art.com\/wp-content\/uploads\/2023\/09\/26f62421-fab2-4210-aa08-6e9ff2cdeca2-5-300x225.jpg 300w, https:\/\/delos-art.com\/wp-content\/uploads\/2023\/09\/26f62421-fab2-4210-aa08-6e9ff2cdeca2-5-768x576.jpg 768w, https:\/\/delos-art.com\/wp-content\/uploads\/2023\/09\/26f62421-fab2-4210-aa08-6e9ff2cdeca2-5-1536x1152.jpg 1536w, https:\/\/delos-art.com\/wp-content\/uploads\/2023\/09\/26f62421-fab2-4210-aa08-6e9ff2cdeca2-5-350x263.jpg 350w, https:\/\/delos-art.com\/wp-content\/uploads\/2023\/09\/26f62421-fab2-4210-aa08-6e9ff2cdeca2-5.jpg 2048w\" sizes=\"(max-width: 706px) 89vw, (max-width: 767px) 82vw, 740px\" \/><\/figure><\/li><li class=\"blocks-gallery-item\"><figure><img loading=\"lazy\" width=\"1024\" height=\"768\" src=\"https:\/\/delos-art.com\/wp-content\/uploads\/2023\/09\/IMG_7466-5-1024x768.jpeg\" alt=\"\" data-id=\"657\" data-full-url=\"https:\/\/delos-art.com\/wp-content\/uploads\/2023\/09\/IMG_7466-5-scaled.jpeg\" data-link=\"https:\/\/delos-art.com\/index.php\/delos-le-peintre-des-dieux\/img_7466-5\/\" class=\"wp-image-657\" srcset=\"https:\/\/delos-art.com\/wp-content\/uploads\/2023\/09\/IMG_7466-5-1024x768.jpeg 1024w, https:\/\/delos-art.com\/wp-content\/uploads\/2023\/09\/IMG_7466-5-300x225.jpeg 300w, https:\/\/delos-art.com\/wp-content\/uploads\/2023\/09\/IMG_7466-5-768x576.jpeg 768w, https:\/\/delos-art.com\/wp-content\/uploads\/2023\/09\/IMG_7466-5-1536x1152.jpeg 1536w, https:\/\/delos-art.com\/wp-content\/uploads\/2023\/09\/IMG_7466-5-2048x1536.jpeg 2048w, https:\/\/delos-art.com\/wp-content\/uploads\/2023\/09\/IMG_7466-5-350x263.jpeg 350w\" sizes=\"(max-width: 706px) 89vw, (max-width: 767px) 82vw, 740px\" \/><\/figure><\/li><li class=\"blocks-gallery-item\"><figure><img loading=\"lazy\" width=\"1024\" height=\"768\" src=\"https:\/\/delos-art.com\/wp-content\/uploads\/2023\/09\/IMG_7436-2-1024x768.jpeg\" alt=\"\" data-id=\"658\" data-full-url=\"https:\/\/delos-art.com\/wp-content\/uploads\/2023\/09\/IMG_7436-2-scaled.jpeg\" data-link=\"https:\/\/delos-art.com\/index.php\/delos-le-peintre-des-dieux\/img_7436-2\/\" class=\"wp-image-658\" srcset=\"https:\/\/delos-art.com\/wp-content\/uploads\/2023\/09\/IMG_7436-2-1024x768.jpeg 1024w, https:\/\/delos-art.com\/wp-content\/uploads\/2023\/09\/IMG_7436-2-300x225.jpeg 300w, https:\/\/delos-art.com\/wp-content\/uploads\/2023\/09\/IMG_7436-2-768x576.jpeg 768w, https:\/\/delos-art.com\/wp-content\/uploads\/2023\/09\/IMG_7436-2-1536x1152.jpeg 1536w, https:\/\/delos-art.com\/wp-content\/uploads\/2023\/09\/IMG_7436-2-2048x1536.jpeg 2048w, https:\/\/delos-art.com\/wp-content\/uploads\/2023\/09\/IMG_7436-2-350x263.jpeg 350w\" sizes=\"(max-width: 706px) 89vw, (max-width: 767px) 82vw, 740px\" \/><\/figure><\/li><li class=\"blocks-gallery-item\"><figure><img loading=\"lazy\" width=\"1024\" height=\"768\" src=\"https:\/\/delos-art.com\/wp-content\/uploads\/2023\/09\/c364d601-d79f-4eda-8b05-2202ecdf4bb6-2-1024x768.jpg\" alt=\"\" data-id=\"659\" data-full-url=\"https:\/\/delos-art.com\/wp-content\/uploads\/2023\/09\/c364d601-d79f-4eda-8b05-2202ecdf4bb6-2.jpg\" data-link=\"https:\/\/delos-art.com\/index.php\/delos-le-peintre-des-dieux\/c364d601-d79f-4eda-8b05-2202ecdf4bb6-2\/\" class=\"wp-image-659\" srcset=\"https:\/\/delos-art.com\/wp-content\/uploads\/2023\/09\/c364d601-d79f-4eda-8b05-2202ecdf4bb6-2-1024x768.jpg 1024w, https:\/\/delos-art.com\/wp-content\/uploads\/2023\/09\/c364d601-d79f-4eda-8b05-2202ecdf4bb6-2-300x225.jpg 300w, https:\/\/delos-art.com\/wp-content\/uploads\/2023\/09\/c364d601-d79f-4eda-8b05-2202ecdf4bb6-2-768x576.jpg 768w, https:\/\/delos-art.com\/wp-content\/uploads\/2023\/09\/c364d601-d79f-4eda-8b05-2202ecdf4bb6-2-1536x1152.jpg 1536w, https:\/\/delos-art.com\/wp-content\/uploads\/2023\/09\/c364d601-d79f-4eda-8b05-2202ecdf4bb6-2-350x263.jpg 350w, https:\/\/delos-art.com\/wp-content\/uploads\/2023\/09\/c364d601-d79f-4eda-8b05-2202ecdf4bb6-2.jpg 2048w\" sizes=\"(max-width: 706px) 89vw, (max-width: 767px) 82vw, 740px\" \/><\/figure><\/li><li class=\"blocks-gallery-item\"><figure><img loading=\"lazy\" width=\"768\" height=\"1024\" src=\"https:\/\/delos-art.com\/wp-content\/uploads\/2023\/09\/IMG_7703-3-768x1024.jpeg\" alt=\"\" data-id=\"660\" data-full-url=\"https:\/\/delos-art.com\/wp-content\/uploads\/2023\/09\/IMG_7703-3-scaled.jpeg\" data-link=\"https:\/\/delos-art.com\/index.php\/delos-le-peintre-des-dieux\/img_7703-3\/\" class=\"wp-image-660\" srcset=\"https:\/\/delos-art.com\/wp-content\/uploads\/2023\/09\/IMG_7703-3-768x1024.jpeg 768w, https:\/\/delos-art.com\/wp-content\/uploads\/2023\/09\/IMG_7703-3-225x300.jpeg 225w, https:\/\/delos-art.com\/wp-content\/uploads\/2023\/09\/IMG_7703-3-1152x1536.jpeg 1152w, https:\/\/delos-art.com\/wp-content\/uploads\/2023\/09\/IMG_7703-3-1536x2048.jpeg 1536w, https:\/\/delos-art.com\/wp-content\/uploads\/2023\/09\/IMG_7703-3-350x467.jpeg 350w, https:\/\/delos-art.com\/wp-content\/uploads\/2023\/09\/IMG_7703-3-scaled.jpeg 1920w\" sizes=\"(max-width: 706px) 89vw, (max-width: 767px) 82vw, 740px\" \/><\/figure><\/li><li class=\"blocks-gallery-item\"><figure><img loading=\"lazy\" width=\"768\" height=\"1024\" src=\"https:\/\/delos-art.com\/wp-content\/uploads\/2023\/09\/IMG_7698-5-768x1024.jpeg\" alt=\"\" data-id=\"661\" data-full-url=\"https:\/\/delos-art.com\/wp-content\/uploads\/2023\/09\/IMG_7698-5-scaled.jpeg\" data-link=\"https:\/\/delos-art.com\/index.php\/delos-le-peintre-des-dieux\/img_7698-5\/\" class=\"wp-image-661\" srcset=\"https:\/\/delos-art.com\/wp-content\/uploads\/2023\/09\/IMG_7698-5-768x1024.jpeg 768w, https:\/\/delos-art.com\/wp-content\/uploads\/2023\/09\/IMG_7698-5-225x300.jpeg 225w, https:\/\/delos-art.com\/wp-content\/uploads\/2023\/09\/IMG_7698-5-1152x1536.jpeg 1152w, https:\/\/delos-art.com\/wp-content\/uploads\/2023\/09\/IMG_7698-5-1536x2048.jpeg 1536w, https:\/\/delos-art.com\/wp-content\/uploads\/2023\/09\/IMG_7698-5-350x467.jpeg 350w, https:\/\/delos-art.com\/wp-content\/uploads\/2023\/09\/IMG_7698-5-scaled.jpeg 1920w\" sizes=\"(max-width: 706px) 89vw, (max-width: 767px) 82vw, 740px\" \/><\/figure><\/li><\/ul><\/figure>\n\n\n<h1>\u00a0<\/h1>\n<p>\u00a0<\/p>\n<p><a href=\"http:\/\/delos-art.com\/wp-content\/uploads\/2018\/10\/cropped-Pieta.jpg\"><img loading=\"lazy\" class=\"alignnone wp-image-326 size-full\" src=\"http:\/\/delos-art.com\/wp-content\/uploads\/2018\/10\/cropped-Pieta.jpg\" alt=\"\" width=\"2000\" height=\"1978\" srcset=\"https:\/\/delos-art.com\/wp-content\/uploads\/2018\/10\/cropped-Pieta.jpg 2000w, https:\/\/delos-art.com\/wp-content\/uploads\/2018\/10\/cropped-Pieta-100x100.jpg 100w, https:\/\/delos-art.com\/wp-content\/uploads\/2018\/10\/cropped-Pieta-350x346.jpg 350w, https:\/\/delos-art.com\/wp-content\/uploads\/2018\/10\/cropped-Pieta-300x297.jpg 300w, https:\/\/delos-art.com\/wp-content\/uploads\/2018\/10\/cropped-Pieta-768x760.jpg 768w, https:\/\/delos-art.com\/wp-content\/uploads\/2018\/10\/cropped-Pieta-1024x1013.jpg 1024w\" sizes=\"(max-width: 706px) 89vw, (max-width: 767px) 82vw, 740px\" \/><\/a><\/p>\n<p><a href=\"https:\/\/delos-art.com\/index.php\/shop\/\"><img loading=\"lazy\" class=\"alignnone  wp-image-459\" src=\"https:\/\/delos-art.com\/wp-content\/uploads\/2021\/04\/Boutique-Delos.jpg\" alt=\"\" width=\"681\" height=\"339\" srcset=\"https:\/\/delos-art.com\/wp-content\/uploads\/2021\/04\/Boutique-Delos.jpg 604w, https:\/\/delos-art.com\/wp-content\/uploads\/2021\/04\/Boutique-Delos-300x150.jpg 300w, https:\/\/delos-art.com\/wp-content\/uploads\/2021\/04\/Boutique-Delos-350x174.jpg 350w\" sizes=\"(max-width: 681px) 100vw, 681px\" \/><\/a><\/p>\n<figure id=\"attachment_21\" aria-describedby=\"caption-attachment-21\" style=\"width: 525px\" class=\"wp-caption aligncenter\"><img loading=\"lazy\" class=\"wp-image-21 size-large\" src=\"http:\/\/delos-art.com\/wp-content\/uploads\/2017\/11\/Soldats-1024x491.jpg\" alt=\"D\u00e9los : H\u00e9ros de la mythologie \" width=\"525\" height=\"252\" srcset=\"https:\/\/delos-art.com\/wp-content\/uploads\/2017\/11\/Soldats-1024x491.jpg 1024w, https:\/\/delos-art.com\/wp-content\/uploads\/2017\/11\/Soldats-300x144.jpg 300w, https:\/\/delos-art.com\/wp-content\/uploads\/2017\/11\/Soldats-768x368.jpg 768w\" sizes=\"(max-width: 525px) 100vw, 525px\" \/><figcaption id=\"caption-attachment-21\" class=\"wp-caption-text\">D\u00e9los : H\u00e9ros de la mythologie<\/figcaption><\/figure>\n<p>DELOS Fr\u00e9d\u00e9ric\u00a0 le peintre des dieux un peintre fran\u00e7ais qui a orient\u00e9 sa production vers le nu masculin avec pour th\u00e8me les dieux les h\u00e9ros et la mythologie. . Son choix est de r\u00e9v\u00e9ler le corps masculin nu\u00a0 comme une \u0153uvre d\u2019art \u00e0 lui seul et de le sublimer \u00e0 son paroxysme.<\/p>\n<p>Il peint depuis l&#8217;age de 14 ans et puise son inspiration dans la mythologie et dans de nombreuses sources comme les peintres italiens du Quattrocento ou Ingres, Poussin , Velazquez , Vermeer, Magritte&#8230;<\/p>\n<p>Ses \u0153uvres sont r\u00e9alis\u00e9es avec des techniques\u00a0tr\u00e8s classiques de\u00a0 peinture \u00e0 l&#8217;huile sur toile auxquelles il donne cette petite touche tr\u00e8s personnelle qui donne \u00e0 la fois ce sentiment de vie, d&#8217;\u00e9merveillement\u00a0 et de mouvement de ces personnages et corps sublimes.<\/p>\n<p>Le catalogue des \u0153uvres de D\u00e9los est une invitation au voyage dans les mythes antiques qui furent le berceau de notre civilisation et aujourd\u2019hui encore l\u2019un des fondements de notre inconscient collectif. Bien curieux voyage, en effet, puisque c\u2019est le privil\u00e8ge du cr\u00e9ateur, la libert\u00e9 de l\u2019artiste, d\u2019\u00e9tablir un choix dont les options comme les limites qu\u2019il donne \u00e0 son acropole priv\u00e9e sont choisies en vertu de ses propres r\u00eaves esth\u00e9tiques.<\/p>\n<p>D\u00e9couvrez la collection 2020 :<a href=\"https:\/\/delos-art.com\/index.php\/collection-gris-nus-masculins-delos\/\"> Nus masculins sur\u00a0 nuances de gris .<\/a><\/p>\n<p><a href=\"https:\/\/delos-art.com\/wp-content\/uploads\/2020\/11\/Unis-dans-la-lumiere.jpg\"><img loading=\"lazy\" class=\"alignnone size-full wp-image-387\" src=\"https:\/\/delos-art.com\/wp-content\/uploads\/2020\/11\/Unis-dans-la-lumiere.jpg\" alt=\"\" width=\"2499\" height=\"3641\" \/><\/a><\/p>\n<p>D\u00e9couvrez le making off de la Pi\u00e9ta :<\/p>\n<p><iframe loading=\"lazy\" src=\"https:\/\/www.youtube.com\/embed\/D-GOJR_tpnc?rel=0&amp;autoplay=1\" width=\"670\" height=\"377\" frameborder=\"0\" allowfullscreen=\"allowfullscreen\"><\/iframe><\/p>\n<p>Consultez le journal de Delos Fr\u00e9d\u00e9ric\u00a0 depuis 1979 : <a href=\"http:\/\/magaleriedart.wordpress.com\">Journal de DELOS<\/a><\/p>\n<p><iframe loading=\"lazy\" src=\"https:\/\/www.youtube.com\/embed\/ac-ALBu8vOs?autoplay\" width=\"680\" height=\"377\" frameborder=\"0\" allowfullscreen=\"allowfullscreen\"><\/iframe><\/p>\n<p>Making Off avec Hugo Faz foto :<\/p>\n<p><iframe loading=\"lazy\" src=\"https:\/\/www.youtube.com\/embed\/xBOmayPcVeg?autoplay\" width=\"680\" height=\"377\" frameborder=\"0\" allowfullscreen=\"allowfullscreen\"><\/iframe><\/p>\n<p>D\u00e8s lors, on ne sera \u00e9tonn\u00e9 de n\u2019y rencontrer que certains dieux, certains h\u00e9ros, un saint parmi les saints et un seul empereur parmi les plus grands de l\u2019empire des romains, choisi s\u00fbrement pour sa gloire, sa sagesse et la m\u00e9moire qu\u2019on en conserve dans la litt\u00e9rature et dans l\u2019histoire \u00e0 travers le destin hors du commun du c\u00e9l\u00e8bre Antinous. Et enfin, quelques guerriers aussi purs qu\u2019anonymes, compl\u00e9tant la s\u00e9rie des \u00ab Ulysse \u00bb ou des \u00ab Hercules \u00bb dans des paysages terrestres \u00e9ternels propres \u00e0 r\u00e9veiller en nous des l\u00e9gendes endormies<\/p>\n<figure id=\"attachment_133\" aria-describedby=\"caption-attachment-133\" style=\"width: 1816px\" class=\"wp-caption alignnone\"><a href=\"http:\/\/delos-art.com\/wp-content\/uploads\/2017\/11\/Expo-delos.jpg\"><img loading=\"lazy\" class=\"wp-image-133 size-full\" src=\"http:\/\/delos-art.com\/wp-content\/uploads\/2017\/11\/Expo-delos.jpg\" alt=\"D\u00e9los : Exposition \u00e0 Paris\" width=\"1816\" height=\"2584\" srcset=\"https:\/\/delos-art.com\/wp-content\/uploads\/2017\/11\/Expo-delos.jpg 1816w, https:\/\/delos-art.com\/wp-content\/uploads\/2017\/11\/Expo-delos-211x300.jpg 211w, https:\/\/delos-art.com\/wp-content\/uploads\/2017\/11\/Expo-delos-768x1093.jpg 768w, https:\/\/delos-art.com\/wp-content\/uploads\/2017\/11\/Expo-delos-720x1024.jpg 720w\" sizes=\"(max-width: 706px) 89vw, (max-width: 767px) 82vw, 740px\" \/><\/a><figcaption id=\"caption-attachment-133\" class=\"wp-caption-text\">D\u00e9los : Exposition \u00e0 Paris<\/figcaption><\/figure>\n<p><a href=\"http:\/\/delos-art.com\/wp-content\/uploads\/2017\/11\/IMG_4569.jpg\"><img loading=\"lazy\" class=\"wp-image-51 size-full\" src=\"http:\/\/delos-art.com\/wp-content\/uploads\/2017\/11\/IMG_4569.jpg\" alt=\"D\u00e9los : nus masculins\" width=\"1835\" height=\"3738\" srcset=\"https:\/\/delos-art.com\/wp-content\/uploads\/2017\/11\/IMG_4569.jpg 1835w, https:\/\/delos-art.com\/wp-content\/uploads\/2017\/11\/IMG_4569-147x300.jpg 147w, https:\/\/delos-art.com\/wp-content\/uploads\/2017\/11\/IMG_4569-768x1564.jpg 768w, https:\/\/delos-art.com\/wp-content\/uploads\/2017\/11\/IMG_4569-503x1024.jpg 503w\" sizes=\"(max-width: 706px) 89vw, (max-width: 767px) 82vw, 740px\" \/><\/a><\/p>\n<h1>Fr\u00e9d\u00e9ric D\u00e9los\u00a0 : nus masculins<\/h1>\n<h1>Fr\u00e9d\u00e9ric DELOS Nu masculin et Art Gay Homo-\u00e9rotique<\/h1>\n<p><strong>EXPOSITION DE VENISE : GIUDECCA ART GALLERY. Aout 2023<\/strong><\/p>\n\n\n<figure class=\"wp-block-gallery columns-1 is-cropped\"><ul class=\"blocks-gallery-grid\"><li class=\"blocks-gallery-item\"><figure><img loading=\"lazy\" width=\"1024\" height=\"768\" src=\"https:\/\/delos-art.com\/wp-content\/uploads\/2023\/09\/46198a4a-520c-4363-801e-099b5f559dea-1-1024x768.jpg\" alt=\"\" data-id=\"606\" data-full-url=\"https:\/\/delos-art.com\/wp-content\/uploads\/2023\/09\/46198a4a-520c-4363-801e-099b5f559dea-1.jpg\" data-link=\"https:\/\/delos-art.com\/index.php\/delos-le-peintre-des-dieux\/46198a4a-520c-4363-801e-099b5f559dea-1\/\" class=\"wp-image-606\" srcset=\"https:\/\/delos-art.com\/wp-content\/uploads\/2023\/09\/46198a4a-520c-4363-801e-099b5f559dea-1-1024x768.jpg 1024w, https:\/\/delos-art.com\/wp-content\/uploads\/2023\/09\/46198a4a-520c-4363-801e-099b5f559dea-1-300x225.jpg 300w, https:\/\/delos-art.com\/wp-content\/uploads\/2023\/09\/46198a4a-520c-4363-801e-099b5f559dea-1-768x576.jpg 768w, https:\/\/delos-art.com\/wp-content\/uploads\/2023\/09\/46198a4a-520c-4363-801e-099b5f559dea-1-1536x1152.jpg 1536w, https:\/\/delos-art.com\/wp-content\/uploads\/2023\/09\/46198a4a-520c-4363-801e-099b5f559dea-1-350x263.jpg 350w, https:\/\/delos-art.com\/wp-content\/uploads\/2023\/09\/46198a4a-520c-4363-801e-099b5f559dea-1.jpg 2048w\" sizes=\"(max-width: 706px) 89vw, (max-width: 767px) 82vw, 740px\" \/><\/figure><\/li><\/ul><\/figure>\n","protected":false},"excerpt":{"rendered":"<p>EXPOSITION DE VENISE : GIUDECCA ART SPACE &#8211; Aout 2023 \u00a0 \u00a0 DELOS Fr\u00e9d\u00e9ric\u00a0 le peintre des dieux un peintre fran\u00e7ais qui a orient\u00e9 sa production vers le nu masculin avec pour th\u00e8me les dieux les h\u00e9ros et la mythologie. . Son choix est de r\u00e9v\u00e9ler le corps masculin nu\u00a0 comme une \u0153uvre d\u2019art \u00e0 &hellip; <\/p>\n<p class=\"link-more\"><a href=\"https:\/\/delos-art.com\/\" class=\"more-link\">Continue reading<span class=\"screen-reader-text\"> &#8220;Fr\u00e9d\u00e9ric DELOS  LE PEINTRE DES DIEUX, H\u00c9ROS ET MYTHOLOGIES&#8221;<\/span><\/a><\/p>\n","protected":false},"author":1,"featured_media":0,"parent":0,"menu_order":0,"comment_status":"closed","ping_status":"closed","template":"","meta":[],"yoast_head":"<!-- This site is optimized with the Yoast SEO plugin v16.1.1 - https:\/\/yoast.com\/wordpress\/plugins\/seo\/ -->\n<title>DELOS LE PEINTRE DES DIEUX, H\u00c9ROS ET MYTHOLOGIES<\/title>\n<meta name=\"description\" content=\"DELOS le peintre des dieux un peintre fran\u00e7ais qui a orient\u00e9 sa production vers le nu masculin avec pour th\u00e8me les dieux les h\u00e9ros et la mythologie.\" \/>\n<link rel=\"canonical\" href=\"https:\/\/delos-art.com\/\" \/>\n<meta property=\"og:locale\" content=\"en_US\" \/>\n<meta property=\"og:type\" content=\"article\" \/>\n<meta property=\"og:title\" content=\"DELOS LE PEINTRE DES DIEUX, H\u00c9ROS ET MYTHOLOGIES\" \/>\n<meta property=\"og:description\" content=\"DELOS le peintre des dieux un peintre fran\u00e7ais qui a orient\u00e9 sa production vers le nu masculin avec pour th\u00e8me les dieux les h\u00e9ros et la mythologie.\" \/>\n<meta property=\"og:url\" content=\"https:\/\/delos-art.com\/\" \/>\n<meta property=\"og:site_name\" content=\"Delos Art GALLERY\" \/>\n<meta property=\"article:modified_time\" content=\"2023-09-22T10:56:52+00:00\" \/>\n<meta property=\"og:image\" content=\"https:\/\/delos-art.com\/wp-content\/uploads\/2023\/09\/affiche-venise-2-724x1024.jpg\" \/>\n<meta name=\"twitter:card\" content=\"summary_large_image\" \/>\n<meta name=\"twitter:label1\" content=\"Est. reading time\">\n\t<meta name=\"twitter:data1\" content=\"5 minutes\">\n<script type=\"application\/ld+json\" class=\"yoast-schema-graph\">{\"@context\":\"https:\/\/schema.org\",\"@graph\":[{\"@type\":\"WebSite\",\"@id\":\"https:\/\/delos-art.com\/#website\",\"url\":\"https:\/\/delos-art.com\/\",\"name\":\"Delos Art GALLERY\",\"description\":\"DELOS LE PEINTRE DES DIEUX, H\\u00c9ROS ET MYTHOLOGIES\",\"potentialAction\":[{\"@type\":\"SearchAction\",\"target\":\"https:\/\/delos-art.com\/?s={search_term_string}\",\"query-input\":\"required name=search_term_string\"}],\"inLanguage\":\"en-US\"},{\"@type\":\"ImageObject\",\"@id\":\"https:\/\/delos-art.com\/#primaryimage\",\"inLanguage\":\"en-US\",\"url\":\"https:\/\/delos-art.com\/wp-content\/uploads\/2023\/09\/affiche-venise-2-scaled.jpg\",\"contentUrl\":\"https:\/\/delos-art.com\/wp-content\/uploads\/2023\/09\/affiche-venise-2-scaled.jpg\",\"width\":1810,\"height\":2560},{\"@type\":\"WebPage\",\"@id\":\"https:\/\/delos-art.com\/#webpage\",\"url\":\"https:\/\/delos-art.com\/\",\"name\":\"DELOS LE PEINTRE DES DIEUX, H\\u00c9ROS ET MYTHOLOGIES\",\"isPartOf\":{\"@id\":\"https:\/\/delos-art.com\/#website\"},\"primaryImageOfPage\":{\"@id\":\"https:\/\/delos-art.com\/#primaryimage\"},\"datePublished\":\"2017-12-16T14:01:24+00:00\",\"dateModified\":\"2023-09-22T10:56:52+00:00\",\"description\":\"DELOS le peintre des dieux un peintre fran\\u00e7ais qui a orient\\u00e9 sa production vers le nu masculin avec pour th\\u00e8me les dieux les h\\u00e9ros et la mythologie.\",\"breadcrumb\":{\"@id\":\"https:\/\/delos-art.com\/#breadcrumb\"},\"inLanguage\":\"en-US\",\"potentialAction\":[{\"@type\":\"ReadAction\",\"target\":[\"https:\/\/delos-art.com\/\"]}]},{\"@type\":\"BreadcrumbList\",\"@id\":\"https:\/\/delos-art.com\/#breadcrumb\",\"itemListElement\":[{\"@type\":\"ListItem\",\"position\":1,\"item\":{\"@type\":\"WebPage\",\"@id\":\"https:\/\/delos-art.com\/\",\"url\":\"https:\/\/delos-art.com\/\",\"name\":\"Accueil\"}},{\"@type\":\"ListItem\",\"position\":2,\"item\":{\"@type\":\"WebPage\",\"@id\":\"https:\/\/delos-art.com\/\",\"url\":\"https:\/\/delos-art.com\/\",\"name\":\"Fr\\u00e9d\\u00e9ric DELOS LE PEINTRE DES DIEUX, H\\u00c9ROS ET MYTHOLOGIES\"}}]}]}<\/script>\n<!-- \/ Yoast SEO plugin. -->","_links":{"self":[{"href":"https:\/\/delos-art.com\/index.php\/wp-json\/wp\/v2\/pages\/163"}],"collection":[{"href":"https:\/\/delos-art.com\/index.php\/wp-json\/wp\/v2\/pages"}],"about":[{"href":"https:\/\/delos-art.com\/index.php\/wp-json\/wp\/v2\/types\/page"}],"author":[{"embeddable":true,"href":"https:\/\/delos-art.com\/index.php\/wp-json\/wp\/v2\/users\/1"}],"replies":[{"embeddable":true,"href":"https:\/\/delos-art.com\/index.php\/wp-json\/wp\/v2\/comments?post=163"}],"version-history":[{"count":38,"href":"https:\/\/delos-art.com\/index.php\/wp-json\/wp\/v2\/pages\/163\/revisions"}],"predecessor-version":[{"id":679,"href":"https:\/\/delos-art.com\/index.php\/wp-json\/wp\/v2\/pages\/163\/revisions\/679"}],"wp:attachment":[{"href":"https:\/\/delos-art.com\/index.php\/wp-json\/wp\/v2\/media?parent=163"}],"curies":[{"name":"wp","href":"https:\/\/api.w.org\/{rel}","templated":true}]}}